{"id":10449,"date":"2025-05-29T12:00:35","date_gmt":"2025-05-29T10:00:35","guid":{"rendered":"https:\/\/lams-home.com\/?post_type=product&#038;p=10449"},"modified":"2025-10-10T16:05:13","modified_gmt":"2025-10-10T14:05:13","slug":"planche-en-marbre-rectangulaire-dona","status":"publish","type":"product","link":"https:\/\/lams-home.com\/es\/produit\/planche-en-marbre-rectangulaire-dona\/","title":{"rendered":"Planche en marbre rectangulaire DONA"},"content":{"rendered":"<p data-start=\"240\" data-end=\"461\">Pens\u00e9e pour les professionnels de l\u2019h\u00f4tellerie et de la restauration, cette planche en marbre rectangulaire allie raffinement et robustesse. Elle offre une pr\u00e9sentation haut de gamme pour vos mets, de l\u2019entr\u00e9e au dessert.<\/p>\n<ul data-start=\"463\" data-end=\"811\">\n<li data-start=\"463\" data-end=\"494\">\n<p data-start=\"465\" data-end=\"494\">Dimensions : 40 x 17 cm<\/p>\n<\/li>\n<li data-start=\"495\" data-end=\"554\">\n<p data-start=\"497\" data-end=\"554\">Mat\u00e9riau : Marbre naturel \u2013 chaque pi\u00e8ce est unique<\/p>\n<\/li>\n<li data-start=\"555\" data-end=\"606\">\n<p data-start=\"557\" data-end=\"606\">Finition : Surface lisse, facile \u00e0 nettoyer<\/p>\n<\/li>\n<li data-start=\"607\" data-end=\"713\">\n<p data-start=\"609\" data-end=\"713\">Utilisation : Pr\u00e9sentation de fromages, charcuteries, sushis, desserts, mignardises, amuse-bouches<\/p>\n<\/li>\n<li data-start=\"714\" data-end=\"811\">\n<p data-start=\"716\" data-end=\"811\">Adapt\u00e9e \u00e0 : H\u00f4tels, restaurants gastronomiques, traiteurs, room service, brunchs et buffets<\/p>\n<\/li>\n<\/ul>\n<p data-start=\"813\" data-end=\"978\">Son design sobre s\u2019int\u00e8gre parfaitement dans les univers contemporains ou classiques. Un support de choix pour sublimer l&#8217;exp\u00e9rience client \u00e0 table ou sur un buffet.<\/p>\n","protected":false},"excerpt":{"rendered":"<p>Pens\u00e9e pour les professionnels de l\u2019h\u00f4tellerie et de la restauration, cette planche en marbre rectangulaire allie raffinement et robustesse. Elle offre une pr\u00e9sentation haut de gamme pour vos mets, de l\u2019entr\u00e9e au dessert. Dimensions : 40 x 17 cm Mat\u00e9riau : Marbre naturel \u2013 chaque pi\u00e8ce est unique Finition : Surface lisse, facile \u00e0 nettoyer [&hellip;]<\/p>\n","protected":false},"featured_media":9147,"template":"","meta":{"_jet_sm_ready_style":"","_jet_sm_style":"","_jet_sm_controls_values":"","_jet_sm_fonts_collection":"","_jet_sm_fonts_links":""},"product_brand":[198],"product_cat":[58,231,234],"product_tag":[241],"product_collection":[577],"class_list":{"0":"post-10449","1":"product","2":"type-product","3":"status-publish","4":"has-post-thumbnail","6":"product_brand-lams-home","7":"product_cat-accessoires","8":"product_cat-planches","9":"product_cat-planches-en-marbre","10":"product_tag-marbre","11":"product_collection-dona","13":"first","14":"instock","15":"taxable","16":"shipping-taxable","17":"purchasable","18":"product-type-variable"},"_links":{"self":[{"href":"https:\/\/lams-home.com\/es\/wp-json\/wp\/v2\/product\/10449","targetHints":{"allow":["GET"]}}],"collection":[{"href":"https:\/\/lams-home.com\/es\/wp-json\/wp\/v2\/product"}],"about":[{"href":"https:\/\/lams-home.com\/es\/wp-json\/wp\/v2\/types\/product"}],"version-history":[{"count":0,"href":"https:\/\/lams-home.com\/es\/wp-json\/wp\/v2\/product\/10449\/revisions"}],"wp:featuredmedia":[{"embeddable":true,"href":"https:\/\/lams-home.com\/es\/wp-json\/wp\/v2\/media\/9147"}],"wp:attachment":[{"href":"https:\/\/lams-home.com\/es\/wp-json\/wp\/v2\/media?parent=10449"}],"wp:term":[{"taxonomy":"product_brand","embeddable":true,"href":"https:\/\/lams-home.com\/es\/wp-json\/wp\/v2\/product_brand?post=10449"},{"taxonomy":"product_cat","embeddable":true,"href":"https:\/\/lams-home.com\/es\/wp-json\/wp\/v2\/product_cat?post=10449"},{"taxonomy":"product_tag","embeddable":true,"href":"https:\/\/lams-home.com\/es\/wp-json\/wp\/v2\/product_tag?post=10449"},{"taxonomy":"product_collection","embeddable":true,"href":"https:\/\/lams-home.com\/es\/wp-json\/wp\/v2\/product_collection?post=10449"}],"curies":[{"name":"wp","href":"https:\/\/api.w.org\/{rel}","templated":true}]}}