{"id":10626,"date":"2025-05-29T14:14:17","date_gmt":"2025-05-29T12:14:17","guid":{"rendered":"https:\/\/lams-home.com\/?post_type=product&#038;p=10626"},"modified":"2025-10-10T16:05:11","modified_gmt":"2025-10-10T14:05:11","slug":"saladier-en-gres-anaqa","status":"publish","type":"product","link":"https:\/\/lams-home.com\/es\/produit\/saladier-en-gres-anaqa\/","title":{"rendered":"Saladier en gr\u00e8s ANAQA"},"content":{"rendered":"<p data-start=\"230\" data-end=\"565\">Issu de la collection ANAQA, ce saladier en gr\u00e8s allie charme artisanal et robustesse, pour une pr\u00e9sentation naturelle et \u00e9l\u00e9gante de vos pr\u00e9parations. Sa finition l\u00e9g\u00e8rement textur\u00e9e et ses nuances min\u00e9rales en font une pi\u00e8ce unique, id\u00e9ale pour les \u00e9tablissements \u00e0 la recherche d\u2019objets de service \u00e0 la fois esth\u00e9tiques et durables.<\/p>\n<p data-start=\"567\" data-end=\"690\">Parfait pour les salades compos\u00e9es, plats \u00e0 partager, fruits frais ou accompagnements, en service \u00e0 table comme sur buffet.<\/p>\n<ul data-start=\"692\" data-end=\"963\">\n<li data-start=\"692\" data-end=\"785\">\n<p data-start=\"694\" data-end=\"785\"><strong data-start=\"694\" data-end=\"706\">Mat\u00e9riau<\/strong> : Gr\u00e8s \u2013 haute r\u00e9sistance aux chocs<\/p>\n<\/li>\n<li data-start=\"786\" data-end=\"863\">\n<p data-start=\"788\" data-end=\"863\"><strong data-start=\"788\" data-end=\"798\">Design<\/strong> : Style artisanal contemporain<\/p>\n<\/li>\n<li data-start=\"864\" data-end=\"963\">\n<p data-start=\"866\" data-end=\"963\"><strong data-start=\"866\" data-end=\"875\">Usage<\/strong> : Compatible, four, micro-ondes, et lave-vaisselle \u2013 adapt\u00e9 \u00e0 un usage intensif en restauration<\/p>\n<\/li>\n<\/ul>\n<p data-start=\"965\" data-end=\"1053\">Pens\u00e9 pour sublimer vos tables tout en r\u00e9pondant aux exigences du service professionnel.<\/p>\n","protected":false},"excerpt":{"rendered":"<p>Issu de la collection ANAQA, ce saladier en gr\u00e8s allie charme artisanal et robustesse, pour une pr\u00e9sentation naturelle et \u00e9l\u00e9gante de vos pr\u00e9parations. Sa finition l\u00e9g\u00e8rement textur\u00e9e et ses nuances min\u00e9rales en font une pi\u00e8ce unique, id\u00e9ale pour les \u00e9tablissements \u00e0 la recherche d\u2019objets de service \u00e0 la fois esth\u00e9tiques et durables. Parfait pour les [&hellip;]<\/p>\n","protected":false},"featured_media":10623,"template":"","meta":{"_jet_sm_ready_style":"","_jet_sm_style":"","_jet_sm_controls_values":"","_jet_sm_fonts_collection":"","_jet_sm_fonts_links":""},"product_brand":[198],"product_cat":[219,39],"product_tag":[244],"product_collection":[415],"class_list":{"0":"post-10626","1":"product","2":"type-product","3":"status-publish","4":"has-post-thumbnail","6":"product_brand-lams-home","7":"product_cat-saladiers","8":"product_cat-vaisselle","9":"product_tag-ceramique","10":"product_collection-anaqa","12":"first","13":"instock","14":"sale","15":"taxable","16":"shipping-taxable","17":"purchasable","18":"product-type-variable","19":"has-default-attributes"},"_links":{"self":[{"href":"https:\/\/lams-home.com\/es\/wp-json\/wp\/v2\/product\/10626","targetHints":{"allow":["GET"]}}],"collection":[{"href":"https:\/\/lams-home.com\/es\/wp-json\/wp\/v2\/product"}],"about":[{"href":"https:\/\/lams-home.com\/es\/wp-json\/wp\/v2\/types\/product"}],"version-history":[{"count":0,"href":"https:\/\/lams-home.com\/es\/wp-json\/wp\/v2\/product\/10626\/revisions"}],"wp:featuredmedia":[{"embeddable":true,"href":"https:\/\/lams-home.com\/es\/wp-json\/wp\/v2\/media\/10623"}],"wp:attachment":[{"href":"https:\/\/lams-home.com\/es\/wp-json\/wp\/v2\/media?parent=10626"}],"wp:term":[{"taxonomy":"product_brand","embeddable":true,"href":"https:\/\/lams-home.com\/es\/wp-json\/wp\/v2\/product_brand?post=10626"},{"taxonomy":"product_cat","embeddable":true,"href":"https:\/\/lams-home.com\/es\/wp-json\/wp\/v2\/product_cat?post=10626"},{"taxonomy":"product_tag","embeddable":true,"href":"https:\/\/lams-home.com\/es\/wp-json\/wp\/v2\/product_tag?post=10626"},{"taxonomy":"product_collection","embeddable":true,"href":"https:\/\/lams-home.com\/es\/wp-json\/wp\/v2\/product_collection?post=10626"}],"curies":[{"name":"wp","href":"https:\/\/api.w.org\/{rel}","templated":true}]}}