{"id":11021,"date":"2025-06-02T15:13:01","date_gmt":"2025-06-02T13:13:01","guid":{"rendered":"https:\/\/lams-home.com\/?post_type=product&#038;p=11021"},"modified":"2025-10-10T16:05:15","modified_gmt":"2025-10-10T14:05:15","slug":"couvercle-plat-28-cm-gioia","status":"publish","type":"product","link":"https:\/\/lams-home.com\/es\/produit\/couvercle-plat-28-cm-gioia\/","title":{"rendered":"Couvercle plat 28 CM GIOIA"},"content":{"rendered":"<p class=\"p1\">Plat en c\u00e9ramique multifonction<\/p>\n<p class=\"p3\">Con\u00e7u pour les professionnels de la restauration, ce plat en c\u00e9ramique allie esth\u00e9tique et fonctionnalit\u00e9. Assez profond pour accueillir une tarte g\u00e9n\u00e9reuse ou un gratin, il peut aussi \u00eatre utilis\u00e9 comme plat de pr\u00e9sentation pour des mets froids ou chauds. R\u00e9sistant au four, il supporte une cuisson jusqu\u2019\u00e0 270\u00b0C. Id\u00e9al pour passer directement de la cuisine \u00e0 la table avec \u00e9l\u00e9gance.<\/p>\n<p class=\"p3\">Compatible lave-vaisselle et micro-ondes. Fabrication artisanale. Disponible en plusieurs finitions.<\/p>\n","protected":false},"excerpt":{"rendered":"<p>Plat en c\u00e9ramique multifonction Con\u00e7u pour les professionnels de la restauration, ce plat en c\u00e9ramique allie esth\u00e9tique et fonctionnalit\u00e9. Assez profond pour accueillir une tarte g\u00e9n\u00e9reuse ou un gratin, il peut aussi \u00eatre utilis\u00e9 comme plat de pr\u00e9sentation pour des mets froids ou chauds. R\u00e9sistant au four, il supporte une cuisson jusqu\u2019\u00e0 270\u00b0C. Id\u00e9al pour [&hellip;]<\/p>\n","protected":false},"featured_media":6355,"template":"","meta":{"_jet_sm_ready_style":"","_jet_sm_style":"","_jet_sm_controls_values":"","_jet_sm_fonts_collection":"","_jet_sm_fonts_links":""},"product_brand":[198],"product_cat":[223,220,224,39],"product_tag":[244],"product_collection":[444],"class_list":{"0":"post-11021","1":"product","2":"type-product","3":"status-publish","4":"has-post-thumbnail","6":"product_brand-lams-home","7":"product_cat-plats-a-four","8":"product_cat-plats-a-servir","9":"product_cat-plats-a-tarte","10":"product_cat-vaisselle","11":"product_tag-ceramique","12":"product_collection-gioia","14":"first","15":"instock","16":"taxable","17":"shipping-taxable","18":"purchasable","19":"product-type-variable","20":"has-default-attributes"},"_links":{"self":[{"href":"https:\/\/lams-home.com\/es\/wp-json\/wp\/v2\/product\/11021","targetHints":{"allow":["GET"]}}],"collection":[{"href":"https:\/\/lams-home.com\/es\/wp-json\/wp\/v2\/product"}],"about":[{"href":"https:\/\/lams-home.com\/es\/wp-json\/wp\/v2\/types\/product"}],"version-history":[{"count":0,"href":"https:\/\/lams-home.com\/es\/wp-json\/wp\/v2\/product\/11021\/revisions"}],"wp:featuredmedia":[{"embeddable":true,"href":"https:\/\/lams-home.com\/es\/wp-json\/wp\/v2\/media\/6355"}],"wp:attachment":[{"href":"https:\/\/lams-home.com\/es\/wp-json\/wp\/v2\/media?parent=11021"}],"wp:term":[{"taxonomy":"product_brand","embeddable":true,"href":"https:\/\/lams-home.com\/es\/wp-json\/wp\/v2\/product_brand?post=11021"},{"taxonomy":"product_cat","embeddable":true,"href":"https:\/\/lams-home.com\/es\/wp-json\/wp\/v2\/product_cat?post=11021"},{"taxonomy":"product_tag","embeddable":true,"href":"https:\/\/lams-home.com\/es\/wp-json\/wp\/v2\/product_tag?post=11021"},{"taxonomy":"product_collection","embeddable":true,"href":"https:\/\/lams-home.com\/es\/wp-json\/wp\/v2\/product_collection?post=11021"}],"curies":[{"name":"wp","href":"https:\/\/api.w.org\/{rel}","templated":true}]}}