{"id":11092,"date":"2025-06-03T17:29:02","date_gmt":"2025-06-03T15:29:02","guid":{"rendered":"https:\/\/lams-home.com\/?post_type=product&#038;p=11092"},"modified":"2025-10-10T16:05:15","modified_gmt":"2025-10-10T14:05:15","slug":"coupelle-fresco","status":"publish","type":"product","link":"https:\/\/lams-home.com\/es\/produit\/coupelle-fresco\/","title":{"rendered":"Coupelle  FRESCO 20 cm"},"content":{"rendered":"<p class=\"p1\">Avec son format polyvalent, la coupelle FRESCO est id\u00e9ale pour les entr\u00e9es, salades, accompagnements ou desserts g\u00e9n\u00e9reux. Son design \u00e9pur\u00e9 et sa finition artisanale apportent une touche naturelle et contemporaine \u00e0 vos tables.<\/p>\n<p class=\"p1\">Compatible four, micro-ondes et lave-vaisselle. Parfaite pour un usage professionnel intensif. Disponible en plusieurs teintes.<\/p>\n<ul>\n<li><span class=\"s1\">Entretien facile :<\/span> Compatible avec le four, le micro-ondes et le lave-vaisselle, pour une utilisation quotidienne sans contrainte.<\/li>\n<\/ul>\n","protected":false},"excerpt":{"rendered":"<p>Avec son format polyvalent, la coupelle FRESCO est id\u00e9ale pour les entr\u00e9es, salades, accompagnements ou desserts g\u00e9n\u00e9reux. Son design \u00e9pur\u00e9 et sa finition artisanale apportent une touche naturelle et contemporaine \u00e0 vos tables. Compatible four, micro-ondes et lave-vaisselle. Parfaite pour un usage professionnel intensif. Disponible en plusieurs teintes. Entretien facile : Compatible avec le four, [&hellip;]<\/p>\n","protected":false},"featured_media":6298,"template":"","meta":{"_jet_sm_ready_style":"","_jet_sm_style":"","_jet_sm_controls_values":"","_jet_sm_fonts_collection":"","_jet_sm_fonts_links":""},"product_brand":[198],"product_cat":[216,39],"product_tag":[244],"product_collection":[445],"class_list":{"0":"post-11092","1":"product","2":"type-product","3":"status-publish","4":"has-post-thumbnail","6":"product_brand-lams-home","7":"product_cat-assiettes-creuses","8":"product_cat-vaisselle","9":"product_tag-ceramique","10":"product_collection-fresco","12":"first","13":"instock","14":"taxable","15":"shipping-taxable","16":"purchasable","17":"product-type-variable","18":"has-default-attributes"},"_links":{"self":[{"href":"https:\/\/lams-home.com\/es\/wp-json\/wp\/v2\/product\/11092","targetHints":{"allow":["GET"]}}],"collection":[{"href":"https:\/\/lams-home.com\/es\/wp-json\/wp\/v2\/product"}],"about":[{"href":"https:\/\/lams-home.com\/es\/wp-json\/wp\/v2\/types\/product"}],"version-history":[{"count":0,"href":"https:\/\/lams-home.com\/es\/wp-json\/wp\/v2\/product\/11092\/revisions"}],"wp:featuredmedia":[{"embeddable":true,"href":"https:\/\/lams-home.com\/es\/wp-json\/wp\/v2\/media\/6298"}],"wp:attachment":[{"href":"https:\/\/lams-home.com\/es\/wp-json\/wp\/v2\/media?parent=11092"}],"wp:term":[{"taxonomy":"product_brand","embeddable":true,"href":"https:\/\/lams-home.com\/es\/wp-json\/wp\/v2\/product_brand?post=11092"},{"taxonomy":"product_cat","embeddable":true,"href":"https:\/\/lams-home.com\/es\/wp-json\/wp\/v2\/product_cat?post=11092"},{"taxonomy":"product_tag","embeddable":true,"href":"https:\/\/lams-home.com\/es\/wp-json\/wp\/v2\/product_tag?post=11092"},{"taxonomy":"product_collection","embeddable":true,"href":"https:\/\/lams-home.com\/es\/wp-json\/wp\/v2\/product_collection?post=11092"}],"curies":[{"name":"wp","href":"https:\/\/api.w.org\/{rel}","templated":true}]}}