{"id":11112,"date":"2025-06-03T17:51:59","date_gmt":"2025-06-03T15:51:59","guid":{"rendered":"https:\/\/lams-home.com\/?post_type=product&#038;p=11112"},"modified":"2025-10-10T16:05:15","modified_gmt":"2025-10-10T14:05:15","slug":"saladier-fresco","status":"publish","type":"product","link":"https:\/\/lams-home.com\/es\/produit\/saladier-fresco\/","title":{"rendered":"SALADIER FRESCO"},"content":{"rendered":"<p class=\"p1\">Ce saladier en gr\u00e8s de la collection FRESCO allie forme g\u00e9n\u00e9reuse et lignes \u00e9pur\u00e9es. Son design intemporel s\u2019adapte aussi bien aux tables gastronomiques qu\u2019aux buffets contemporains. Fabriqu\u00e9 \u00e0 la main, chaque pi\u00e8ce pr\u00e9sente de l\u00e9g\u00e8res variations qui en font tout le charme.<\/p>\n<p class=\"p1\">Parfait pour pr\u00e9senter des salades compos\u00e9es, des fruits frais ou des accompagnements \u00e0 partager. Compatible four, micro-ondes et lave-vaisselle, il est con\u00e7u pour r\u00e9pondre aux exigences du service en restauration.<\/p>\n<p class=\"p3\">Points forts :<\/p>\n<ul>\n<li>\n<p class=\"p1\">Gr\u00e8s artisanal, finition mate ou \u00e9maill\u00e9e<\/p>\n<\/li>\n<li>\n<p class=\"p1\">Compatible four, micro-ondes et lave-vaisselle<\/p>\n<\/li>\n<li>\n<p class=\"p1\">Id\u00e9al pour un usage intensif en restauration<\/p>\n<\/li>\n<li>\n<p class=\"p1\">Chaque pi\u00e8ce est unique<\/p>\n<\/li>\n<\/ul>\n<p>&nbsp;<\/p>\n","protected":false},"excerpt":{"rendered":"<p>Ce saladier en gr\u00e8s de la collection FRESCO allie forme g\u00e9n\u00e9reuse et lignes \u00e9pur\u00e9es. Son design intemporel s\u2019adapte aussi bien aux tables gastronomiques qu\u2019aux buffets contemporains. Fabriqu\u00e9 \u00e0 la main, chaque pi\u00e8ce pr\u00e9sente de l\u00e9g\u00e8res variations qui en font tout le charme. Parfait pour pr\u00e9senter des salades compos\u00e9es, des fruits frais ou des accompagnements \u00e0 [&hellip;]<\/p>\n","protected":false},"featured_media":6296,"template":"","meta":{"_jet_sm_ready_style":"","_jet_sm_style":"","_jet_sm_controls_values":"","_jet_sm_fonts_collection":"","_jet_sm_fonts_links":""},"product_brand":[198],"product_cat":[219,39],"product_tag":[244],"product_collection":[445],"class_list":{"0":"post-11112","1":"product","2":"type-product","3":"status-publish","4":"has-post-thumbnail","6":"product_brand-lams-home","7":"product_cat-saladiers","8":"product_cat-vaisselle","9":"product_tag-ceramique","10":"product_collection-fresco","12":"first","13":"instock","14":"taxable","15":"shipping-taxable","16":"purchasable","17":"product-type-variable","18":"has-default-attributes"},"_links":{"self":[{"href":"https:\/\/lams-home.com\/es\/wp-json\/wp\/v2\/product\/11112","targetHints":{"allow":["GET"]}}],"collection":[{"href":"https:\/\/lams-home.com\/es\/wp-json\/wp\/v2\/product"}],"about":[{"href":"https:\/\/lams-home.com\/es\/wp-json\/wp\/v2\/types\/product"}],"version-history":[{"count":0,"href":"https:\/\/lams-home.com\/es\/wp-json\/wp\/v2\/product\/11112\/revisions"}],"wp:featuredmedia":[{"embeddable":true,"href":"https:\/\/lams-home.com\/es\/wp-json\/wp\/v2\/media\/6296"}],"wp:attachment":[{"href":"https:\/\/lams-home.com\/es\/wp-json\/wp\/v2\/media?parent=11112"}],"wp:term":[{"taxonomy":"product_brand","embeddable":true,"href":"https:\/\/lams-home.com\/es\/wp-json\/wp\/v2\/product_brand?post=11112"},{"taxonomy":"product_cat","embeddable":true,"href":"https:\/\/lams-home.com\/es\/wp-json\/wp\/v2\/product_cat?post=11112"},{"taxonomy":"product_tag","embeddable":true,"href":"https:\/\/lams-home.com\/es\/wp-json\/wp\/v2\/product_tag?post=11112"},{"taxonomy":"product_collection","embeddable":true,"href":"https:\/\/lams-home.com\/es\/wp-json\/wp\/v2\/product_collection?post=11112"}],"curies":[{"name":"wp","href":"https:\/\/api.w.org\/{rel}","templated":true}]}}