{"id":11136,"date":"2025-06-04T09:06:19","date_gmt":"2025-06-04T07:06:19","guid":{"rendered":"https:\/\/lams-home.com\/?post_type=product&#038;p=11136"},"modified":"2025-10-10T16:05:17","modified_gmt":"2025-10-10T14:05:17","slug":"ustensiles-en-bois-dolivier","status":"publish","type":"product","link":"https:\/\/lams-home.com\/es\/produit\/ustensiles-en-bois-dolivier\/","title":{"rendered":"SET d&#8217;ustensiles en bois d&#8217;olivier"},"content":{"rendered":"<p data-start=\"336\" data-end=\"689\">D\u00e9couvrez notre gamme d\u2019ustensiles en bois d\u2019olivier, alliant esth\u00e9tique naturelle, robustesse et authenticit\u00e9 artisanale. Chaque pi\u00e8ce est soigneusement taill\u00e9e dans du bois d\u2019olivier massif, r\u00e9put\u00e9 pour sa durabilit\u00e9 exceptionnelle, sa r\u00e9sistance \u00e0 l\u2019humidit\u00e9 et son veinage unique qui en fait un objet \u00e0 la fois pratique et d\u00e9coratif.<\/p>\n<p data-start=\"691\" data-end=\"924\" data-is-last-node=\"\" data-is-only-node=\"\">\n","protected":false},"excerpt":{"rendered":"<p>D\u00e9couvrez notre gamme d\u2019ustensiles en bois d\u2019olivier, alliant esth\u00e9tique naturelle, robustesse et authenticit\u00e9 artisanale. Chaque pi\u00e8ce est soigneusement taill\u00e9e dans du bois d\u2019olivier massif, r\u00e9put\u00e9 pour sa durabilit\u00e9 exceptionnelle, sa r\u00e9sistance \u00e0 l\u2019humidit\u00e9 et son veinage unique qui en fait un objet \u00e0 la fois pratique et d\u00e9coratif.<\/p>\n","protected":false},"featured_media":11138,"template":"","meta":{"_jet_sm_ready_style":"","_jet_sm_style":"","_jet_sm_controls_values":"","_jet_sm_fonts_collection":"","_jet_sm_fonts_links":""},"product_brand":[198],"product_cat":[58,237,238],"product_tag":[242],"product_collection":[447],"class_list":{"0":"post-11136","1":"product","2":"type-product","3":"status-publish","4":"has-post-thumbnail","6":"product_brand-lams-home","7":"product_cat-accessoires","8":"product_cat-ustensiles","9":"product_cat-ustensiles-en-bois-dolivier","10":"product_tag-bois-dolivier","11":"product_collection-kos","13":"first","14":"instock","15":"sale","16":"taxable","17":"shipping-taxable","18":"purchasable","19":"product-type-variable","20":"has-default-attributes"},"_links":{"self":[{"href":"https:\/\/lams-home.com\/es\/wp-json\/wp\/v2\/product\/11136","targetHints":{"allow":["GET"]}}],"collection":[{"href":"https:\/\/lams-home.com\/es\/wp-json\/wp\/v2\/product"}],"about":[{"href":"https:\/\/lams-home.com\/es\/wp-json\/wp\/v2\/types\/product"}],"version-history":[{"count":0,"href":"https:\/\/lams-home.com\/es\/wp-json\/wp\/v2\/product\/11136\/revisions"}],"wp:featuredmedia":[{"embeddable":true,"href":"https:\/\/lams-home.com\/es\/wp-json\/wp\/v2\/media\/11138"}],"wp:attachment":[{"href":"https:\/\/lams-home.com\/es\/wp-json\/wp\/v2\/media?parent=11136"}],"wp:term":[{"taxonomy":"product_brand","embeddable":true,"href":"https:\/\/lams-home.com\/es\/wp-json\/wp\/v2\/product_brand?post=11136"},{"taxonomy":"product_cat","embeddable":true,"href":"https:\/\/lams-home.com\/es\/wp-json\/wp\/v2\/product_cat?post=11136"},{"taxonomy":"product_tag","embeddable":true,"href":"https:\/\/lams-home.com\/es\/wp-json\/wp\/v2\/product_tag?post=11136"},{"taxonomy":"product_collection","embeddable":true,"href":"https:\/\/lams-home.com\/es\/wp-json\/wp\/v2\/product_collection?post=11136"}],"curies":[{"name":"wp","href":"https:\/\/api.w.org\/{rel}","templated":true}]}}