{"id":11306,"date":"2025-06-10T09:59:23","date_gmt":"2025-06-10T07:59:23","guid":{"rendered":"https:\/\/lams-home.com\/?post_type=product&#038;p=11306"},"modified":"2026-01-15T18:16:49","modified_gmt":"2026-01-15T17:16:49","slug":"bol-16-cm-mareka","status":"publish","type":"product","link":"https:\/\/lams-home.com\/es\/produit\/bol-16-cm-mareka\/","title":{"rendered":"BOL 16 cm  MAREKA"},"content":{"rendered":"<p class=\"p1\">Bol en porcelaine blanche premium, finition martel\u00e9e \u00e9l\u00e9gante. Id\u00e9al pour les pr\u00e9sentations raffin\u00e9es de soupes, entr\u00e9es ou desserts. R\u00e9sistant, empilable, compatible lave-vaisselle, micro-ondes et four.<\/p>\n<p class=\"p3\"><b>Points cl\u00e9s :<\/b><b><\/b><\/p>\n<ul>\n<li>\n<p class=\"p1\">Diam\u00e8tre : 16 cm<\/p>\n<\/li>\n<li>\n<p class=\"p1\">Porcelaine blanche effet martel\u00e9<\/p>\n<\/li>\n<li>\n<p class=\"p1\">Usage intensif professionnel<\/p>\n<\/li>\n<li>\n<p class=\"p1\">Design sobre et sophistiqu\u00e9<\/p>\n<\/li>\n<li>\n<p class=\"p1\">Compatible micro-ondes \/ four \/ lave-vaisselle<\/p>\n<\/li>\n<\/ul>\n<p>&nbsp;<\/p>\n","protected":false},"excerpt":{"rendered":"<p>Bol en porcelaine blanche premium, finition martel\u00e9e \u00e9l\u00e9gante. Id\u00e9al pour les pr\u00e9sentations raffin\u00e9es de soupes, entr\u00e9es ou desserts. R\u00e9sistant, empilable, compatible lave-vaisselle, micro-ondes et four. Points cl\u00e9s : Diam\u00e8tre : 16 cm Porcelaine blanche effet martel\u00e9 Usage intensif professionnel Design sobre et sophistiqu\u00e9 Compatible micro-ondes \/ four \/ lave-vaisselle &nbsp;<\/p>\n","protected":false},"featured_media":1459,"template":"","meta":{"_jet_sm_ready_style":"","_jet_sm_style":"","_jet_sm_controls_values":"","_jet_sm_fonts_collection":"","_jet_sm_fonts_links":""},"product_brand":[198],"product_cat":[218,39],"product_tag":[245],"product_collection":[418],"class_list":{"0":"post-11306","1":"product","2":"type-product","3":"status-publish","4":"has-post-thumbnail","6":"product_brand-lams-home","7":"product_cat-bols","8":"product_cat-vaisselle","9":"product_tag-porcelaine","10":"product_collection-mareka","12":"first","13":"instock","14":"taxable","15":"shipping-taxable","16":"purchasable","17":"product-type-variable","18":"has-default-attributes"},"_links":{"self":[{"href":"https:\/\/lams-home.com\/es\/wp-json\/wp\/v2\/product\/11306","targetHints":{"allow":["GET"]}}],"collection":[{"href":"https:\/\/lams-home.com\/es\/wp-json\/wp\/v2\/product"}],"about":[{"href":"https:\/\/lams-home.com\/es\/wp-json\/wp\/v2\/types\/product"}],"version-history":[{"count":0,"href":"https:\/\/lams-home.com\/es\/wp-json\/wp\/v2\/product\/11306\/revisions"}],"wp:featuredmedia":[{"embeddable":true,"href":"https:\/\/lams-home.com\/es\/wp-json\/wp\/v2\/media\/1459"}],"wp:attachment":[{"href":"https:\/\/lams-home.com\/es\/wp-json\/wp\/v2\/media?parent=11306"}],"wp:term":[{"taxonomy":"product_brand","embeddable":true,"href":"https:\/\/lams-home.com\/es\/wp-json\/wp\/v2\/product_brand?post=11306"},{"taxonomy":"product_cat","embeddable":true,"href":"https:\/\/lams-home.com\/es\/wp-json\/wp\/v2\/product_cat?post=11306"},{"taxonomy":"product_tag","embeddable":true,"href":"https:\/\/lams-home.com\/es\/wp-json\/wp\/v2\/product_tag?post=11306"},{"taxonomy":"product_collection","embeddable":true,"href":"https:\/\/lams-home.com\/es\/wp-json\/wp\/v2\/product_collection?post=11306"}],"curies":[{"name":"wp","href":"https:\/\/api.w.org\/{rel}","templated":true}]}}