{"id":11321,"date":"2025-06-10T13:29:19","date_gmt":"2025-06-10T11:29:19","guid":{"rendered":"https:\/\/lams-home.com\/?post_type=product&#038;p=11321"},"modified":"2025-10-10T16:05:33","modified_gmt":"2025-10-10T14:05:33","slug":"paire-tasse-cafe-12cl-zenith","status":"publish","type":"product","link":"https:\/\/lams-home.com\/es\/produit\/paire-tasse-cafe-12cl-zenith\/","title":{"rendered":"PAIRE TASSE CAFE 12CL   ZENITH"},"content":{"rendered":"<p class=\"p1\">Duo de tasses \u00e0 caf\u00e9 en porcelaine blanche lisse, au design intemporel. Parfait pour les services professionnels en h\u00f4tel, restaurant ou salon de th\u00e9. Finition soign\u00e9e, ergonomie agr\u00e9able, excellente r\u00e9sistance \u00e0 l\u2019usage intensif.<\/p>\n<ul>\n<li>\n<p class=\"p1\">Contenance : 12 cl<\/p>\n<\/li>\n<li>\n<p class=\"p1\">Porcelaine blanche lisse, brillante<\/p>\n<\/li>\n<li>\n<p class=\"p1\">Vendues avec soucoupes assorties<\/p>\n<\/li>\n<li>\n<p class=\"p1\">R\u00e9sistantes \u00e0 l\u2019usage intensif et empilables<\/p>\n<\/li>\n<li>\n<p class=\"p1\">Compatibles lave-vaisselle et micro-ondes<\/p>\n<\/li>\n<\/ul>\n<p>&nbsp;<\/p>\n","protected":false},"excerpt":{"rendered":"<p>Duo de tasses \u00e0 caf\u00e9 en porcelaine blanche lisse, au design intemporel. Parfait pour les services professionnels en h\u00f4tel, restaurant ou salon de th\u00e9. Finition soign\u00e9e, ergonomie agr\u00e9able, excellente r\u00e9sistance \u00e0 l\u2019usage intensif. Contenance : 12 cl Porcelaine blanche lisse, brillante Vendues avec soucoupes assorties R\u00e9sistantes \u00e0 l\u2019usage intensif et empilables Compatibles lave-vaisselle et micro-ondes [&hellip;]<\/p>\n","protected":false},"featured_media":1473,"template":"","meta":{"_jet_sm_ready_style":"","_jet_sm_style":"","_jet_sm_controls_values":"","_jet_sm_fonts_collection":"","_jet_sm_fonts_links":""},"product_brand":[198],"product_cat":[51,39],"product_tag":[245],"product_collection":[419],"class_list":{"0":"post-11321","1":"product","2":"type-product","3":"status-publish","4":"has-post-thumbnail","6":"product_brand-lams-home","7":"product_cat-mugs-et-tasses","8":"product_cat-vaisselle","9":"product_tag-porcelaine","10":"product_collection-zenith","12":"first","13":"instock","14":"taxable","15":"shipping-taxable","16":"purchasable","17":"product-type-variable","18":"has-default-attributes"},"_links":{"self":[{"href":"https:\/\/lams-home.com\/es\/wp-json\/wp\/v2\/product\/11321","targetHints":{"allow":["GET"]}}],"collection":[{"href":"https:\/\/lams-home.com\/es\/wp-json\/wp\/v2\/product"}],"about":[{"href":"https:\/\/lams-home.com\/es\/wp-json\/wp\/v2\/types\/product"}],"version-history":[{"count":0,"href":"https:\/\/lams-home.com\/es\/wp-json\/wp\/v2\/product\/11321\/revisions"}],"wp:featuredmedia":[{"embeddable":true,"href":"https:\/\/lams-home.com\/es\/wp-json\/wp\/v2\/media\/1473"}],"wp:attachment":[{"href":"https:\/\/lams-home.com\/es\/wp-json\/wp\/v2\/media?parent=11321"}],"wp:term":[{"taxonomy":"product_brand","embeddable":true,"href":"https:\/\/lams-home.com\/es\/wp-json\/wp\/v2\/product_brand?post=11321"},{"taxonomy":"product_cat","embeddable":true,"href":"https:\/\/lams-home.com\/es\/wp-json\/wp\/v2\/product_cat?post=11321"},{"taxonomy":"product_tag","embeddable":true,"href":"https:\/\/lams-home.com\/es\/wp-json\/wp\/v2\/product_tag?post=11321"},{"taxonomy":"product_collection","embeddable":true,"href":"https:\/\/lams-home.com\/es\/wp-json\/wp\/v2\/product_collection?post=11321"}],"curies":[{"name":"wp","href":"https:\/\/api.w.org\/{rel}","templated":true}]}}