{"id":11338,"date":"2025-06-10T14:01:19","date_gmt":"2025-06-10T12:01:19","guid":{"rendered":"https:\/\/lams-home.com\/?post_type=product&#038;p=11338"},"modified":"2025-10-10T16:05:27","modified_gmt":"2025-10-10T14:05:27","slug":"assiette-creuse-23cm-silka","status":"publish","type":"product","link":"https:\/\/lams-home.com\/es\/produit\/assiette-creuse-23cm-silka\/","title":{"rendered":"ASSIETTE CREUSE 23CM  SILKA"},"content":{"rendered":"<p class=\"p1\">Description courte B2B :<\/p>\n<p class=\"p2\">Assiette creuse en porcelaine blanche lisse avec bordure blanc mat. Son design \u00e9pur\u00e9 et sa profondeur ma\u00eetris\u00e9e en font une pi\u00e8ce id\u00e9ale pour les soupes, p\u00e2tes ou plats en sauce dans un univers sobre et haut de gamme.<\/p>\n<ul>\n<li>\n<p class=\"p1\">Diam\u00e8tre : 23 cm<\/p>\n<\/li>\n<li>\n<p class=\"p1\">Porcelaine blanche lisse avec bordure mate<\/p>\n<\/li>\n<li>\n<p class=\"p1\">Esth\u00e9tique minimaliste et contemporaine<\/p>\n<\/li>\n<li>\n<p class=\"p1\">Compatible lave-vaisselle, micro-ondes et four<\/p>\n<\/li>\n<li>\n<p class=\"p1\">Empilable, robuste, con\u00e7ue pour un usage professionnel intensif<\/p>\n<\/li>\n<\/ul>\n<p>&nbsp;<\/p>\n","protected":false},"excerpt":{"rendered":"<p>Description courte B2B : Assiette creuse en porcelaine blanche lisse avec bordure blanc mat. Son design \u00e9pur\u00e9 et sa profondeur ma\u00eetris\u00e9e en font une pi\u00e8ce id\u00e9ale pour les soupes, p\u00e2tes ou plats en sauce dans un univers sobre et haut de gamme. Diam\u00e8tre : 23 cm Porcelaine blanche lisse avec bordure mate Esth\u00e9tique minimaliste et [&hellip;]<\/p>\n","protected":false},"featured_media":1479,"template":"","meta":{"_jet_sm_ready_style":"","_jet_sm_style":"","_jet_sm_controls_values":"","_jet_sm_fonts_collection":"","_jet_sm_fonts_links":""},"product_brand":[198],"product_cat":[216,39],"product_tag":[245],"product_collection":[420],"class_list":{"0":"post-11338","1":"product","2":"type-product","3":"status-publish","4":"has-post-thumbnail","6":"product_brand-lams-home","7":"product_cat-assiettes-creuses","8":"product_cat-vaisselle","9":"product_tag-porcelaine","10":"product_collection-silka","12":"first","13":"instock","14":"taxable","15":"shipping-taxable","16":"purchasable","17":"product-type-variable","18":"has-default-attributes"},"_links":{"self":[{"href":"https:\/\/lams-home.com\/es\/wp-json\/wp\/v2\/product\/11338","targetHints":{"allow":["GET"]}}],"collection":[{"href":"https:\/\/lams-home.com\/es\/wp-json\/wp\/v2\/product"}],"about":[{"href":"https:\/\/lams-home.com\/es\/wp-json\/wp\/v2\/types\/product"}],"version-history":[{"count":0,"href":"https:\/\/lams-home.com\/es\/wp-json\/wp\/v2\/product\/11338\/revisions"}],"wp:featuredmedia":[{"embeddable":true,"href":"https:\/\/lams-home.com\/es\/wp-json\/wp\/v2\/media\/1479"}],"wp:attachment":[{"href":"https:\/\/lams-home.com\/es\/wp-json\/wp\/v2\/media?parent=11338"}],"wp:term":[{"taxonomy":"product_brand","embeddable":true,"href":"https:\/\/lams-home.com\/es\/wp-json\/wp\/v2\/product_brand?post=11338"},{"taxonomy":"product_cat","embeddable":true,"href":"https:\/\/lams-home.com\/es\/wp-json\/wp\/v2\/product_cat?post=11338"},{"taxonomy":"product_tag","embeddable":true,"href":"https:\/\/lams-home.com\/es\/wp-json\/wp\/v2\/product_tag?post=11338"},{"taxonomy":"product_collection","embeddable":true,"href":"https:\/\/lams-home.com\/es\/wp-json\/wp\/v2\/product_collection?post=11338"}],"curies":[{"name":"wp","href":"https:\/\/api.w.org\/{rel}","templated":true}]}}