{"id":11423,"date":"2025-06-10T16:01:44","date_gmt":"2025-06-10T14:01:44","guid":{"rendered":"https:\/\/lams-home.com\/?post_type=product&#038;p=11423"},"modified":"2025-10-10T16:05:24","modified_gmt":"2025-10-10T14:05:24","slug":"bol-14-cm-primavera","status":"publish","type":"product","link":"https:\/\/lams-home.com\/es\/produit\/bol-14-cm-primavera\/","title":{"rendered":"BOL 14 CM  PRIMAVERA"},"content":{"rendered":"<p class=\"p4\">Bol en porcelaine blanche lisse, au design simple et sobre. La collection PRIMAVERA privil\u00e9gie l\u2019\u00e9l\u00e9gance discr\u00e8te, id\u00e9ale pour les tables contemporaines. Polyvalent et fonctionnel, il convient aussi bien pour les entr\u00e9es, desserts ou accompagnements.<\/p>\n<ul>\n<li>\n<p class=\"p1\">Diam\u00e8tre : 14 cm<\/p>\n<\/li>\n<li>\n<p class=\"p1\">Porcelaine blanche lisse, finition brillante<\/p>\n<\/li>\n<li>\n<p class=\"p1\">Design \u00e9pur\u00e9, sans fioritures<\/p>\n<\/li>\n<li>\n<p class=\"p1\">Empilable et r\u00e9sistant \u00e0 un usage professionnel<\/p>\n<\/li>\n<li>\n<p class=\"p1\">Compatible lave-vaisselle, micro-ondes et four<\/p>\n<\/li>\n<\/ul>\n<p>&nbsp;<\/p>\n","protected":false},"excerpt":{"rendered":"<p>Bol en porcelaine blanche lisse, au design simple et sobre. La collection PRIMAVERA privil\u00e9gie l\u2019\u00e9l\u00e9gance discr\u00e8te, id\u00e9ale pour les tables contemporaines. Polyvalent et fonctionnel, il convient aussi bien pour les entr\u00e9es, desserts ou accompagnements. Diam\u00e8tre : 14 cm Porcelaine blanche lisse, finition brillante Design \u00e9pur\u00e9, sans fioritures Empilable et r\u00e9sistant \u00e0 un usage professionnel Compatible [&hellip;]<\/p>\n","protected":false},"featured_media":1483,"template":"","meta":{"_jet_sm_ready_style":"","_jet_sm_style":"","_jet_sm_controls_values":"","_jet_sm_fonts_collection":"","_jet_sm_fonts_links":""},"product_brand":[198],"product_cat":[218,39],"product_tag":[245],"product_collection":[421],"class_list":{"0":"post-11423","1":"product","2":"type-product","3":"status-publish","4":"has-post-thumbnail","6":"product_brand-lams-home","7":"product_cat-bols","8":"product_cat-vaisselle","9":"product_tag-porcelaine","10":"product_collection-primavera","12":"first","13":"instock","14":"taxable","15":"shipping-taxable","16":"purchasable","17":"product-type-variable","18":"has-default-attributes"},"_links":{"self":[{"href":"https:\/\/lams-home.com\/es\/wp-json\/wp\/v2\/product\/11423","targetHints":{"allow":["GET"]}}],"collection":[{"href":"https:\/\/lams-home.com\/es\/wp-json\/wp\/v2\/product"}],"about":[{"href":"https:\/\/lams-home.com\/es\/wp-json\/wp\/v2\/types\/product"}],"version-history":[{"count":0,"href":"https:\/\/lams-home.com\/es\/wp-json\/wp\/v2\/product\/11423\/revisions"}],"wp:featuredmedia":[{"embeddable":true,"href":"https:\/\/lams-home.com\/es\/wp-json\/wp\/v2\/media\/1483"}],"wp:attachment":[{"href":"https:\/\/lams-home.com\/es\/wp-json\/wp\/v2\/media?parent=11423"}],"wp:term":[{"taxonomy":"product_brand","embeddable":true,"href":"https:\/\/lams-home.com\/es\/wp-json\/wp\/v2\/product_brand?post=11423"},{"taxonomy":"product_cat","embeddable":true,"href":"https:\/\/lams-home.com\/es\/wp-json\/wp\/v2\/product_cat?post=11423"},{"taxonomy":"product_tag","embeddable":true,"href":"https:\/\/lams-home.com\/es\/wp-json\/wp\/v2\/product_tag?post=11423"},{"taxonomy":"product_collection","embeddable":true,"href":"https:\/\/lams-home.com\/es\/wp-json\/wp\/v2\/product_collection?post=11423"}],"curies":[{"name":"wp","href":"https:\/\/api.w.org\/{rel}","templated":true}]}}