{"id":11454,"date":"2025-06-11T12:50:03","date_gmt":"2025-06-11T10:50:03","guid":{"rendered":"https:\/\/lams-home.com\/?post_type=product&#038;p=11454"},"modified":"2025-10-10T16:05:19","modified_gmt":"2025-10-10T14:05:19","slug":"assiette-creuse-22-cm-lilas","status":"publish","type":"product","link":"https:\/\/lams-home.com\/es\/produit\/assiette-creuse-22-cm-lilas\/","title":{"rendered":"ASSIETTE CREUSE 22 CM  LILAS"},"content":{"rendered":"<p class=\"p1\">Assiette creuse en porcelaine blanche lisse, au <span class=\"s1\">design classique et sobre<\/span>. Parfaite pour une table \u00e9l\u00e9gante et intemporelle, la collection LILAS s\u2019adapte aussi bien aux restaurants traditionnels qu\u2019aux \u00e9tablissements contemporains \u00e0 la recherche de simplicit\u00e9 raffin\u00e9e.<\/p>\n<ul>\n<li>\n<p class=\"p1\">Porcelaine blanche lisse, finition brillante<\/p>\n<\/li>\n<li>\n<p class=\"p1\">Forme creuse classique<\/p>\n<\/li>\n<li>\n<p class=\"p1\">Design discret et polyvalent<\/p>\n<\/li>\n<li>\n<p class=\"p1\">Empilable et robuste pour un usage professionnel<\/p>\n<\/li>\n<li>\n<p class=\"p1\">Compatible lave-vaisselle, micro-ondes et four<\/p>\n<\/li>\n<\/ul>\n<p>&nbsp;<\/p>\n","protected":false},"excerpt":{"rendered":"<p>Assiette creuse en porcelaine blanche lisse, au design classique et sobre. Parfaite pour une table \u00e9l\u00e9gante et intemporelle, la collection LILAS s\u2019adapte aussi bien aux restaurants traditionnels qu\u2019aux \u00e9tablissements contemporains \u00e0 la recherche de simplicit\u00e9 raffin\u00e9e. Porcelaine blanche lisse, finition brillante Forme creuse classique Design discret et polyvalent Empilable et robuste pour un usage professionnel [&hellip;]<\/p>\n","protected":false},"featured_media":1400,"template":"","meta":{"_jet_sm_ready_style":"","_jet_sm_style":"","_jet_sm_controls_values":"","_jet_sm_fonts_collection":"","_jet_sm_fonts_links":""},"product_brand":[198],"product_cat":[216,39],"product_tag":[245],"product_collection":[422],"class_list":{"0":"post-11454","1":"product","2":"type-product","3":"status-publish","4":"has-post-thumbnail","6":"product_brand-lams-home","7":"product_cat-assiettes-creuses","8":"product_cat-vaisselle","9":"product_tag-porcelaine","10":"product_collection-lilas","12":"first","13":"instock","14":"taxable","15":"shipping-taxable","16":"purchasable","17":"product-type-variable","18":"has-default-attributes"},"_links":{"self":[{"href":"https:\/\/lams-home.com\/es\/wp-json\/wp\/v2\/product\/11454","targetHints":{"allow":["GET"]}}],"collection":[{"href":"https:\/\/lams-home.com\/es\/wp-json\/wp\/v2\/product"}],"about":[{"href":"https:\/\/lams-home.com\/es\/wp-json\/wp\/v2\/types\/product"}],"version-history":[{"count":0,"href":"https:\/\/lams-home.com\/es\/wp-json\/wp\/v2\/product\/11454\/revisions"}],"wp:featuredmedia":[{"embeddable":true,"href":"https:\/\/lams-home.com\/es\/wp-json\/wp\/v2\/media\/1400"}],"wp:attachment":[{"href":"https:\/\/lams-home.com\/es\/wp-json\/wp\/v2\/media?parent=11454"}],"wp:term":[{"taxonomy":"product_brand","embeddable":true,"href":"https:\/\/lams-home.com\/es\/wp-json\/wp\/v2\/product_brand?post=11454"},{"taxonomy":"product_cat","embeddable":true,"href":"https:\/\/lams-home.com\/es\/wp-json\/wp\/v2\/product_cat?post=11454"},{"taxonomy":"product_tag","embeddable":true,"href":"https:\/\/lams-home.com\/es\/wp-json\/wp\/v2\/product_tag?post=11454"},{"taxonomy":"product_collection","embeddable":true,"href":"https:\/\/lams-home.com\/es\/wp-json\/wp\/v2\/product_collection?post=11454"}],"curies":[{"name":"wp","href":"https:\/\/api.w.org\/{rel}","templated":true}]}}