{"id":11778,"date":"2025-06-14T17:08:50","date_gmt":"2025-06-14T15:08:50","guid":{"rendered":"https:\/\/lams-home.com\/?post_type=product&#038;p=11778"},"modified":"2025-10-10T16:05:18","modified_gmt":"2025-10-10T14:05:18","slug":"assiette-plate-27-cm-lava-noir","status":"publish","type":"product","link":"https:\/\/lams-home.com\/es\/produit\/assiette-plate-27-cm-lava-noir\/","title":{"rendered":"ASSIETTE PLATE 27 CM  LAVA  Noir"},"content":{"rendered":"<p class=\"p1\">Assiette en gr\u00e8s noir mat au design brut et raffin\u00e9, inspir\u00e9 des textures naturelles de la lave volcanique.<\/p>\n<p class=\"p1\">La collection <span class=\"s1\">LAVA<\/span> s\u00e9duit par son aspect min\u00e9ral, sa finition mate et sa silhouette fine d\u2019une grande l\u00e9g\u00e8ret\u00e9.<\/p>\n<p class=\"p1\">Chaque pi\u00e8ce offre un \u00e9quilibre subtil entre force visuelle et \u00e9l\u00e9gance contemporaine, id\u00e9ale pour sublimer les cr\u00e9ations culinaires les plus audacieuses.<\/p>\n<p class=\"p1\">Disponible \u00e9galement en <span class=\"s1\">version avec dorure sombre<\/span>, pour une touche exceptionnelle de contraste et de sophistication.<\/p>\n<p class=\"p3\">Diam\u00e8tre :<span class=\"s2\"> 27 cm<\/span><\/p>\n<p class=\"p3\">Gr\u00e8s noir mat, finition effet lave<\/p>\n<p class=\"p3\">Design original et textur\u00e9<\/p>\n<p class=\"p3\">Tr\u00e8s grande finesse de fabrication<\/p>\n<p class=\"p3\">Article l\u00e9ger, parfaitement \u00e9quilibr\u00e9<\/p>\n<p class=\"p3\">Existe en version avec dorure sombre<\/p>\n<p class=\"p3\">Compatible four, lave-vaisselle et micro-ondes<\/p>\n<p class=\"p3\">Con\u00e7ue pour un usage professionnel intensif<\/p>\n","protected":false},"excerpt":{"rendered":"<p>Assiette en gr\u00e8s noir mat au design brut et raffin\u00e9, inspir\u00e9 des textures naturelles de la lave volcanique. La collection LAVA s\u00e9duit par son aspect min\u00e9ral, sa finition mate et sa silhouette fine d\u2019une grande l\u00e9g\u00e8ret\u00e9. Chaque pi\u00e8ce offre un \u00e9quilibre subtil entre force visuelle et \u00e9l\u00e9gance contemporaine, id\u00e9ale pour sublimer les cr\u00e9ations culinaires les [&hellip;]<\/p>\n","protected":false},"featured_media":1396,"template":"","meta":{"_jet_sm_ready_style":"","_jet_sm_style":"","_jet_sm_controls_values":"","_jet_sm_fonts_collection":"","_jet_sm_fonts_links":""},"product_brand":[198],"product_cat":[215,39],"product_tag":[244],"product_collection":[416],"class_list":{"0":"post-11778","1":"product","2":"type-product","3":"status-publish","4":"has-post-thumbnail","6":"product_brand-lams-home","7":"product_cat-assiettes-plates","8":"product_cat-vaisselle","9":"product_tag-ceramique","10":"product_collection-lava","12":"first","13":"instock","14":"taxable","15":"shipping-taxable","16":"purchasable","17":"product-type-variable"},"_links":{"self":[{"href":"https:\/\/lams-home.com\/es\/wp-json\/wp\/v2\/product\/11778","targetHints":{"allow":["GET"]}}],"collection":[{"href":"https:\/\/lams-home.com\/es\/wp-json\/wp\/v2\/product"}],"about":[{"href":"https:\/\/lams-home.com\/es\/wp-json\/wp\/v2\/types\/product"}],"version-history":[{"count":0,"href":"https:\/\/lams-home.com\/es\/wp-json\/wp\/v2\/product\/11778\/revisions"}],"wp:featuredmedia":[{"embeddable":true,"href":"https:\/\/lams-home.com\/es\/wp-json\/wp\/v2\/media\/1396"}],"wp:attachment":[{"href":"https:\/\/lams-home.com\/es\/wp-json\/wp\/v2\/media?parent=11778"}],"wp:term":[{"taxonomy":"product_brand","embeddable":true,"href":"https:\/\/lams-home.com\/es\/wp-json\/wp\/v2\/product_brand?post=11778"},{"taxonomy":"product_cat","embeddable":true,"href":"https:\/\/lams-home.com\/es\/wp-json\/wp\/v2\/product_cat?post=11778"},{"taxonomy":"product_tag","embeddable":true,"href":"https:\/\/lams-home.com\/es\/wp-json\/wp\/v2\/product_tag?post=11778"},{"taxonomy":"product_collection","embeddable":true,"href":"https:\/\/lams-home.com\/es\/wp-json\/wp\/v2\/product_collection?post=11778"}],"curies":[{"name":"wp","href":"https:\/\/api.w.org\/{rel}","templated":true}]}}