{"id":11907,"date":"2025-06-16T16:05:20","date_gmt":"2025-06-16T14:05:20","guid":{"rendered":"https:\/\/lams-home.com\/?post_type=product&#038;p=11907"},"modified":"2025-10-10T16:05:32","modified_gmt":"2025-10-10T14:05:32","slug":"saladier-27-cm-toscane-07","status":"publish","type":"product","link":"https:\/\/lams-home.com\/es\/produit\/saladier-27-cm-toscane-07\/","title":{"rendered":"SALADIER 27 CM   TOSCANE 07"},"content":{"rendered":"<p class=\"p1\">Plat large en gr\u00e8s fin, au design original et g\u00e9n\u00e9reux, sublim\u00e9 par un rebord l\u00e9g\u00e8rement sur\u00e9lev\u00e9 qui encadre subtilement les pr\u00e9parations.<\/p>\n<p class=\"p1\">La collection <span class=\"s1\">TOSCANE<\/span> s\u00e9duit par ses superbes nuances naturelles, sa finition brillante et son allure artisanale.<\/p>\n<p class=\"p1\">Polyvalent, ce format convient aussi bien en plat de service qu\u2019en grand saladier raffin\u00e9.<\/p>\n<p class=\"p3\">Diam\u00e8tre :<span class=\"s2\"> 27 cm<\/span><\/p>\n<p class=\"p3\">Gr\u00e8s tr\u00e8s fin, finition brillante<\/p>\n<p class=\"p3\">Rebord \u00e9lev\u00e9 et ligne fluide<\/p>\n<p class=\"p3\">Couleurs naturelles avec lisi\u00e8re rouille chaleureuse<\/p>\n<p class=\"p3\">Design original et fonctionnel<\/p>\n<p class=\"p3\">Compatible four, micro-ondes et lave-vaisselle<\/p>\n<p class=\"p3\">Parfait pour un usage professionnel \u00e9l\u00e9gant<b><\/b><\/p>\n","protected":false},"excerpt":{"rendered":"<p>Plat large en gr\u00e8s fin, au design original et g\u00e9n\u00e9reux, sublim\u00e9 par un rebord l\u00e9g\u00e8rement sur\u00e9lev\u00e9 qui encadre subtilement les pr\u00e9parations. La collection TOSCANE s\u00e9duit par ses superbes nuances naturelles, sa finition brillante et son allure artisanale. Polyvalent, ce format convient aussi bien en plat de service qu\u2019en grand saladier raffin\u00e9. Diam\u00e8tre : 27 cm [&hellip;]<\/p>\n","protected":false},"featured_media":1392,"template":"","meta":{"_jet_sm_ready_style":"","_jet_sm_style":"","_jet_sm_controls_values":"","_jet_sm_fonts_collection":"","_jet_sm_fonts_links":""},"product_brand":[198],"product_cat":[216,219,39],"product_tag":[244],"product_collection":[417],"class_list":{"0":"post-11907","1":"product","2":"type-product","3":"status-publish","4":"has-post-thumbnail","6":"product_brand-lams-home","7":"product_cat-assiettes-creuses","8":"product_cat-saladiers","9":"product_cat-vaisselle","10":"product_tag-ceramique","11":"product_collection-toscane","13":"first","14":"instock","15":"taxable","16":"shipping-taxable","17":"purchasable","18":"product-type-variable","19":"has-default-attributes"},"_links":{"self":[{"href":"https:\/\/lams-home.com\/es\/wp-json\/wp\/v2\/product\/11907","targetHints":{"allow":["GET"]}}],"collection":[{"href":"https:\/\/lams-home.com\/es\/wp-json\/wp\/v2\/product"}],"about":[{"href":"https:\/\/lams-home.com\/es\/wp-json\/wp\/v2\/types\/product"}],"version-history":[{"count":0,"href":"https:\/\/lams-home.com\/es\/wp-json\/wp\/v2\/product\/11907\/revisions"}],"wp:featuredmedia":[{"embeddable":true,"href":"https:\/\/lams-home.com\/es\/wp-json\/wp\/v2\/media\/1392"}],"wp:attachment":[{"href":"https:\/\/lams-home.com\/es\/wp-json\/wp\/v2\/media?parent=11907"}],"wp:term":[{"taxonomy":"product_brand","embeddable":true,"href":"https:\/\/lams-home.com\/es\/wp-json\/wp\/v2\/product_brand?post=11907"},{"taxonomy":"product_cat","embeddable":true,"href":"https:\/\/lams-home.com\/es\/wp-json\/wp\/v2\/product_cat?post=11907"},{"taxonomy":"product_tag","embeddable":true,"href":"https:\/\/lams-home.com\/es\/wp-json\/wp\/v2\/product_tag?post=11907"},{"taxonomy":"product_collection","embeddable":true,"href":"https:\/\/lams-home.com\/es\/wp-json\/wp\/v2\/product_collection?post=11907"}],"curies":[{"name":"wp","href":"https:\/\/api.w.org\/{rel}","templated":true}]}}