{"id":12172,"date":"2025-06-18T19:09:17","date_gmt":"2025-06-18T17:09:17","guid":{"rendered":"https:\/\/lams-home.com\/?post_type=product&#038;p=12172"},"modified":"2025-10-10T16:05:30","modified_gmt":"2025-10-10T14:05:30","slug":"mug-35-cl-toscane-46","status":"publish","type":"product","link":"https:\/\/lams-home.com\/es\/produit\/mug-35-cl-toscane-46\/","title":{"rendered":"MUG 35 CL  TOSCANE 46"},"content":{"rendered":"<p class=\"p1\">Mug en gr\u00e8s \u00e9maill\u00e9 aux teintes naturelles et apaisantes, d\u00e9clinant subtilement des nuances de vert pastel, bleu brume et beige min\u00e9ral.<\/p>\n<p class=\"p1\">La collection <span class=\"s1\">TOSCANE 46<\/span> s\u00e9duit par sa finition mi-mate, mi-brillante et son design \u00e0 la fois simple et expressif.<\/p>\n<p class=\"p1\">Avec sa contenance g\u00e9n\u00e9reuse de 35 cl, ce mug est parfait pour le service du caf\u00e9 long, du th\u00e9 ou des boissons chaudes en h\u00f4tellerie et restauration.<\/p>\n<p class=\"p3\">Capacit\u00e9 :<span class=\"s2\"> 35 cl<\/span><\/p>\n<p class=\"p3\">Gr\u00e8s \u00e9maill\u00e9, couleurs pastel vert, bleu et beige<\/p>\n<p class=\"p3\">Finition mi-mate, mi-brillante<\/p>\n<p class=\"p3\">Design \u00e9pur\u00e9 et confortable \u00e0 l\u2019usage<\/p>\n<p class=\"p3\">Compatible lave-vaisselle et micro-ondes<\/p>\n<p class=\"p3\">Id\u00e9al pour un usage professionnel quotidien et \u00e9l\u00e9gant<b><\/b><\/p>\n","protected":false},"excerpt":{"rendered":"<p>Mug en gr\u00e8s \u00e9maill\u00e9 aux teintes naturelles et apaisantes, d\u00e9clinant subtilement des nuances de vert pastel, bleu brume et beige min\u00e9ral. La collection TOSCANE 46 s\u00e9duit par sa finition mi-mate, mi-brillante et son design \u00e0 la fois simple et expressif. Avec sa contenance g\u00e9n\u00e9reuse de 35 cl, ce mug est parfait pour le service du [&hellip;]<\/p>\n","protected":false},"featured_media":1343,"template":"","meta":{"_jet_sm_ready_style":"","_jet_sm_style":"","_jet_sm_controls_values":"","_jet_sm_fonts_collection":"","_jet_sm_fonts_links":""},"product_brand":[198],"product_cat":[51,39],"product_tag":[244],"product_collection":[417],"class_list":{"0":"post-12172","1":"product","2":"type-product","3":"status-publish","4":"has-post-thumbnail","6":"product_brand-lams-home","7":"product_cat-mugs-et-tasses","8":"product_cat-vaisselle","9":"product_tag-ceramique","10":"product_collection-toscane","12":"first","13":"instock","14":"taxable","15":"shipping-taxable","16":"purchasable","17":"product-type-variable","18":"has-default-attributes"},"_links":{"self":[{"href":"https:\/\/lams-home.com\/es\/wp-json\/wp\/v2\/product\/12172","targetHints":{"allow":["GET"]}}],"collection":[{"href":"https:\/\/lams-home.com\/es\/wp-json\/wp\/v2\/product"}],"about":[{"href":"https:\/\/lams-home.com\/es\/wp-json\/wp\/v2\/types\/product"}],"version-history":[{"count":0,"href":"https:\/\/lams-home.com\/es\/wp-json\/wp\/v2\/product\/12172\/revisions"}],"wp:featuredmedia":[{"embeddable":true,"href":"https:\/\/lams-home.com\/es\/wp-json\/wp\/v2\/media\/1343"}],"wp:attachment":[{"href":"https:\/\/lams-home.com\/es\/wp-json\/wp\/v2\/media?parent=12172"}],"wp:term":[{"taxonomy":"product_brand","embeddable":true,"href":"https:\/\/lams-home.com\/es\/wp-json\/wp\/v2\/product_brand?post=12172"},{"taxonomy":"product_cat","embeddable":true,"href":"https:\/\/lams-home.com\/es\/wp-json\/wp\/v2\/product_cat?post=12172"},{"taxonomy":"product_tag","embeddable":true,"href":"https:\/\/lams-home.com\/es\/wp-json\/wp\/v2\/product_tag?post=12172"},{"taxonomy":"product_collection","embeddable":true,"href":"https:\/\/lams-home.com\/es\/wp-json\/wp\/v2\/product_collection?post=12172"}],"curies":[{"name":"wp","href":"https:\/\/api.w.org\/{rel}","templated":true}]}}