{"id":12176,"date":"2025-06-18T19:29:10","date_gmt":"2025-06-18T17:29:10","guid":{"rendered":"https:\/\/lams-home.com\/?post_type=product&#038;p=12176"},"modified":"2025-10-10T16:05:30","modified_gmt":"2025-10-10T14:05:30","slug":"bol-16-cm-toscane-46","status":"publish","type":"product","link":"https:\/\/lams-home.com\/es\/produit\/bol-16-cm-toscane-46\/","title":{"rendered":"BOL 16 CM   TOSCANE 46"},"content":{"rendered":"<p class=\"p1\">Bol en gr\u00e8s \u00e9maill\u00e9 aux tons subtils de vert pastel, bleu brume et beige naturel, \u00e9voquant la douceur min\u00e9rale des paysages m\u00e9diterran\u00e9ens.<\/p>\n<p class=\"p1\">La collection <span class=\"s1\">TOSCANE 46<\/span> se distingue par sa finition mi-mate, mi-brillante et son design sobre aux lignes arrondies.<\/p>\n<p class=\"p1\">Avec son diam\u00e8tre de 16 cm, ce bol est id\u00e9al pour le service des soupes, desserts, entr\u00e9es ou accompagnements.<\/p>\n<p class=\"p3\">Diam\u00e8tre :<span class=\"s2\"> 16 cm<\/span><\/p>\n<p class=\"p3\">Gr\u00e8s \u00e9maill\u00e9, couleurs pastel vert, bleu et beige<\/p>\n<p class=\"p3\">Finition mi-mate, mi-brillante<\/p>\n<p class=\"p3\">Forme arrondie, douce et polyvalente<\/p>\n<p class=\"p3\">Compatible four, micro-ondes et lave-vaisselle<\/p>\n<p class=\"p3\">Parfait pour un usage professionnel quotidien et raffin\u00e9<b><\/b><\/p>\n","protected":false},"excerpt":{"rendered":"<p>Bol en gr\u00e8s \u00e9maill\u00e9 aux tons subtils de vert pastel, bleu brume et beige naturel, \u00e9voquant la douceur min\u00e9rale des paysages m\u00e9diterran\u00e9ens. La collection TOSCANE 46 se distingue par sa finition mi-mate, mi-brillante et son design sobre aux lignes arrondies. Avec son diam\u00e8tre de 16 cm, ce bol est id\u00e9al pour le service des soupes, [&hellip;]<\/p>\n","protected":false},"featured_media":1342,"template":"","meta":{"_jet_sm_ready_style":"","_jet_sm_style":"","_jet_sm_controls_values":"","_jet_sm_fonts_collection":"","_jet_sm_fonts_links":""},"product_brand":[198],"product_cat":[218,39],"product_tag":[244],"product_collection":[417],"class_list":{"0":"post-12176","1":"product","2":"type-product","3":"status-publish","4":"has-post-thumbnail","6":"product_brand-lams-home","7":"product_cat-bols","8":"product_cat-vaisselle","9":"product_tag-ceramique","10":"product_collection-toscane","12":"first","13":"instock","14":"taxable","15":"shipping-taxable","16":"purchasable","17":"product-type-variable","18":"has-default-attributes"},"_links":{"self":[{"href":"https:\/\/lams-home.com\/es\/wp-json\/wp\/v2\/product\/12176","targetHints":{"allow":["GET"]}}],"collection":[{"href":"https:\/\/lams-home.com\/es\/wp-json\/wp\/v2\/product"}],"about":[{"href":"https:\/\/lams-home.com\/es\/wp-json\/wp\/v2\/types\/product"}],"version-history":[{"count":0,"href":"https:\/\/lams-home.com\/es\/wp-json\/wp\/v2\/product\/12176\/revisions"}],"wp:featuredmedia":[{"embeddable":true,"href":"https:\/\/lams-home.com\/es\/wp-json\/wp\/v2\/media\/1342"}],"wp:attachment":[{"href":"https:\/\/lams-home.com\/es\/wp-json\/wp\/v2\/media?parent=12176"}],"wp:term":[{"taxonomy":"product_brand","embeddable":true,"href":"https:\/\/lams-home.com\/es\/wp-json\/wp\/v2\/product_brand?post=12176"},{"taxonomy":"product_cat","embeddable":true,"href":"https:\/\/lams-home.com\/es\/wp-json\/wp\/v2\/product_cat?post=12176"},{"taxonomy":"product_tag","embeddable":true,"href":"https:\/\/lams-home.com\/es\/wp-json\/wp\/v2\/product_tag?post=12176"},{"taxonomy":"product_collection","embeddable":true,"href":"https:\/\/lams-home.com\/es\/wp-json\/wp\/v2\/product_collection?post=12176"}],"curies":[{"name":"wp","href":"https:\/\/api.w.org\/{rel}","templated":true}]}}