{"id":24349,"date":"2025-07-15T14:59:15","date_gmt":"2025-07-15T12:59:15","guid":{"rendered":"https:\/\/lams-home.com\/?post_type=product&#038;p=24349"},"modified":"2025-07-15T15:04:55","modified_gmt":"2025-07-15T13:04:55","slug":"moule-4-4-rond-fonte","status":"publish","type":"product","link":"https:\/\/lams-home.com\/es\/produit\/moule-4-4-rond-fonte\/","title":{"rendered":"Moule 4\/4  ROND CALDA"},"content":{"rendered":"<p class=\"p1\">Avec ses <span class=\"s1\">26 cm de diam\u00e8tre<\/span> et ses <span class=\"s1\">7 cm de profondeur<\/span>, le <span class=\"s1\">moule 4\/4 CALDA<\/span>\u00a0est id\u00e9al pour r\u00e9aliser vos cakes, g\u00e2teaux moelleux ou pains maison.<\/p>\n<p class=\"p1\">Fabriqu\u00e9 en gr\u00e8s fin, il assure une cuisson homog\u00e8ne et un excellent maintien de la chaleur. Disponible en version <span class=\"s1\">bicolore ou unie<\/span>, il combine esth\u00e9tique et robustesse pour un usage quotidien comme professionnel.<\/p>\n<p class=\"p2\">Compatible four, micro-ondes et lave-vaisselle.<\/p>\n","protected":false},"excerpt":{"rendered":"<p>Avec ses 26 cm de diam\u00e8tre et ses 7 cm de profondeur, le moule 4\/4 CALDA\u00a0est id\u00e9al pour r\u00e9aliser vos cakes, g\u00e2teaux moelleux ou pains maison. Fabriqu\u00e9 en gr\u00e8s fin, il assure une cuisson homog\u00e8ne et un excellent maintien de la chaleur. Disponible en version bicolore ou unie, il combine esth\u00e9tique et robustesse pour un [&hellip;]<\/p>\n","protected":false},"featured_media":23230,"template":"","meta":{"_jet_sm_ready_style":"","_jet_sm_style":"","_jet_sm_controls_values":"","_jet_sm_fonts_collection":"","_jet_sm_fonts_links":""},"product_brand":[198],"product_cat":[223,39],"product_tag":[244],"product_collection":[811],"class_list":{"0":"post-24349","1":"product","2":"type-product","3":"status-publish","4":"has-post-thumbnail","6":"product_brand-lams-home","7":"product_cat-plats-a-four","8":"product_cat-vaisselle","9":"product_tag-ceramique","10":"product_collection-calda","12":"first","13":"outofstock","14":"taxable","15":"shipping-taxable","16":"product-type-variable"},"_links":{"self":[{"href":"https:\/\/lams-home.com\/es\/wp-json\/wp\/v2\/product\/24349","targetHints":{"allow":["GET"]}}],"collection":[{"href":"https:\/\/lams-home.com\/es\/wp-json\/wp\/v2\/product"}],"about":[{"href":"https:\/\/lams-home.com\/es\/wp-json\/wp\/v2\/types\/product"}],"version-history":[{"count":0,"href":"https:\/\/lams-home.com\/es\/wp-json\/wp\/v2\/product\/24349\/revisions"}],"wp:featuredmedia":[{"embeddable":true,"href":"https:\/\/lams-home.com\/es\/wp-json\/wp\/v2\/media\/23230"}],"wp:attachment":[{"href":"https:\/\/lams-home.com\/es\/wp-json\/wp\/v2\/media?parent=24349"}],"wp:term":[{"taxonomy":"product_brand","embeddable":true,"href":"https:\/\/lams-home.com\/es\/wp-json\/wp\/v2\/product_brand?post=24349"},{"taxonomy":"product_cat","embeddable":true,"href":"https:\/\/lams-home.com\/es\/wp-json\/wp\/v2\/product_cat?post=24349"},{"taxonomy":"product_tag","embeddable":true,"href":"https:\/\/lams-home.com\/es\/wp-json\/wp\/v2\/product_tag?post=24349"},{"taxonomy":"product_collection","embeddable":true,"href":"https:\/\/lams-home.com\/es\/wp-json\/wp\/v2\/product_collection?post=24349"}],"curies":[{"name":"wp","href":"https:\/\/api.w.org\/{rel}","templated":true}]}}