{"id":24586,"date":"2025-08-14T16:05:09","date_gmt":"2025-08-14T14:05:09","guid":{"rendered":"https:\/\/lams-home.com\/?post_type=product&#038;p=24586"},"modified":"2025-10-10T16:05:22","modified_gmt":"2025-10-10T14:05:22","slug":"tasse-a-anse-onda-noir-matte","status":"publish","type":"product","link":"https:\/\/lams-home.com\/es\/produit\/tasse-a-anse-onda-noir-matte\/","title":{"rendered":"Tasse \u00e0 anse ONDA   Noir matte"},"content":{"rendered":"<p class=\"p1\">Issue de la collection <span class=\"s1\">ONDA<\/span>, cette tasse \u00e0 anse se distingue par ses <span class=\"s1\">lignes en courbe nette et discr\u00e8te<\/span>, \u00e0 la fois modernes et apaisantes.<\/p>\n<p class=\"p1\">En <span class=\"s1\">gr\u00e8s fin<\/span>, elle allie <span class=\"s1\">sobri\u00e9t\u00e9 visuelle<\/span> et <span class=\"s1\">excellente tenue en main<\/span>, pour un usage quotidien ou professionnel.<\/p>\n<p class=\"p1\">Disponible dans <span class=\"s1\">toutes les couleurs de la collection<\/span>, elle s\u2019harmonise parfaitement avec les autres pi\u00e8ces ONDA.<\/p>\n<p class=\"p2\">Compatible four, micro-ondes et lave-vaisselle.<\/p>\n","protected":false},"excerpt":{"rendered":"<p>Issue de la collection ONDA, cette tasse \u00e0 anse se distingue par ses lignes en courbe nette et discr\u00e8te, \u00e0 la fois modernes et apaisantes. En gr\u00e8s fin, elle allie sobri\u00e9t\u00e9 visuelle et excellente tenue en main, pour un usage quotidien ou professionnel. Disponible dans toutes les couleurs de la collection, elle s\u2019harmonise parfaitement avec [&hellip;]<\/p>\n","protected":false},"featured_media":23725,"template":"","meta":{"_jet_sm_ready_style":"","_jet_sm_style":"","_jet_sm_controls_values":"","_jet_sm_fonts_collection":"","_jet_sm_fonts_links":""},"product_brand":[198],"product_cat":[51,39],"product_tag":[244],"product_collection":[414],"class_list":{"0":"post-24586","1":"product","2":"type-product","3":"status-publish","4":"has-post-thumbnail","6":"product_brand-lams-home","7":"product_cat-mugs-et-tasses","8":"product_cat-vaisselle","9":"product_tag-ceramique","10":"product_collection-onda","12":"first","13":"instock","14":"taxable","15":"shipping-taxable","16":"purchasable","17":"product-type-variable"},"_links":{"self":[{"href":"https:\/\/lams-home.com\/es\/wp-json\/wp\/v2\/product\/24586","targetHints":{"allow":["GET"]}}],"collection":[{"href":"https:\/\/lams-home.com\/es\/wp-json\/wp\/v2\/product"}],"about":[{"href":"https:\/\/lams-home.com\/es\/wp-json\/wp\/v2\/types\/product"}],"version-history":[{"count":0,"href":"https:\/\/lams-home.com\/es\/wp-json\/wp\/v2\/product\/24586\/revisions"}],"wp:featuredmedia":[{"embeddable":true,"href":"https:\/\/lams-home.com\/es\/wp-json\/wp\/v2\/media\/23725"}],"wp:attachment":[{"href":"https:\/\/lams-home.com\/es\/wp-json\/wp\/v2\/media?parent=24586"}],"wp:term":[{"taxonomy":"product_brand","embeddable":true,"href":"https:\/\/lams-home.com\/es\/wp-json\/wp\/v2\/product_brand?post=24586"},{"taxonomy":"product_cat","embeddable":true,"href":"https:\/\/lams-home.com\/es\/wp-json\/wp\/v2\/product_cat?post=24586"},{"taxonomy":"product_tag","embeddable":true,"href":"https:\/\/lams-home.com\/es\/wp-json\/wp\/v2\/product_tag?post=24586"},{"taxonomy":"product_collection","embeddable":true,"href":"https:\/\/lams-home.com\/es\/wp-json\/wp\/v2\/product_collection?post=24586"}],"curies":[{"name":"wp","href":"https:\/\/api.w.org\/{rel}","templated":true}]}}