{"id":24709,"date":"2025-08-16T05:25:08","date_gmt":"2025-08-16T03:25:08","guid":{"rendered":"https:\/\/lams-home.com\/?post_type=product&#038;p=24709"},"modified":"2025-10-10T16:05:21","modified_gmt":"2025-10-10T14:05:21","slug":"bol-10-cm-onda-vert-mat-vert-brillant","status":"publish","type":"product","link":"https:\/\/lams-home.com\/es\/produit\/bol-10-cm-onda-vert-mat-vert-brillant\/","title":{"rendered":"Bol  10 cm  ONDA   Vert mat \/ Vert brillant"},"content":{"rendered":"<p class=\"p1\">Minimaliste et raffin\u00e9, ce petit bol en c\u00e9ramique artisanale est pens\u00e9 pour les professionnels de la restauration. Parfait pour servir sauces, condiments ou desserts, il associe esth\u00e9tique soign\u00e9e, textures naturelles et grande r\u00e9sistance \u00e0 l\u2019usage quotidien.<\/p>\n<p class=\"p2\">Adapt\u00e9 au four, micro-ondes et lave-vaisselle.<\/p>\n","protected":false},"excerpt":{"rendered":"<p>Minimaliste et raffin\u00e9, ce petit bol en c\u00e9ramique artisanale est pens\u00e9 pour les professionnels de la restauration. Parfait pour servir sauces, condiments ou desserts, il associe esth\u00e9tique soign\u00e9e, textures naturelles et grande r\u00e9sistance \u00e0 l\u2019usage quotidien. Adapt\u00e9 au four, micro-ondes et lave-vaisselle.<\/p>\n","protected":false},"featured_media":23805,"template":"","meta":{"_jet_sm_ready_style":"","_jet_sm_style":"","_jet_sm_controls_values":"","_jet_sm_fonts_collection":"","_jet_sm_fonts_links":""},"product_brand":[198],"product_cat":[218,39],"product_tag":[244],"product_collection":[414],"class_list":{"0":"post-24709","1":"product","2":"type-product","3":"status-publish","4":"has-post-thumbnail","6":"product_brand-lams-home","7":"product_cat-bols","8":"product_cat-vaisselle","9":"product_tag-ceramique","10":"product_collection-onda","12":"first","13":"instock","14":"taxable","15":"shipping-taxable","16":"purchasable","17":"product-type-variable","18":"has-default-attributes"},"_links":{"self":[{"href":"https:\/\/lams-home.com\/es\/wp-json\/wp\/v2\/product\/24709","targetHints":{"allow":["GET"]}}],"collection":[{"href":"https:\/\/lams-home.com\/es\/wp-json\/wp\/v2\/product"}],"about":[{"href":"https:\/\/lams-home.com\/es\/wp-json\/wp\/v2\/types\/product"}],"version-history":[{"count":0,"href":"https:\/\/lams-home.com\/es\/wp-json\/wp\/v2\/product\/24709\/revisions"}],"wp:featuredmedia":[{"embeddable":true,"href":"https:\/\/lams-home.com\/es\/wp-json\/wp\/v2\/media\/23805"}],"wp:attachment":[{"href":"https:\/\/lams-home.com\/es\/wp-json\/wp\/v2\/media?parent=24709"}],"wp:term":[{"taxonomy":"product_brand","embeddable":true,"href":"https:\/\/lams-home.com\/es\/wp-json\/wp\/v2\/product_brand?post=24709"},{"taxonomy":"product_cat","embeddable":true,"href":"https:\/\/lams-home.com\/es\/wp-json\/wp\/v2\/product_cat?post=24709"},{"taxonomy":"product_tag","embeddable":true,"href":"https:\/\/lams-home.com\/es\/wp-json\/wp\/v2\/product_tag?post=24709"},{"taxonomy":"product_collection","embeddable":true,"href":"https:\/\/lams-home.com\/es\/wp-json\/wp\/v2\/product_collection?post=24709"}],"curies":[{"name":"wp","href":"https:\/\/api.w.org\/{rel}","templated":true}]}}