{"id":8928,"date":"2025-05-17T11:07:20","date_gmt":"2025-05-17T09:07:20","guid":{"rendered":"https:\/\/lams-home.com\/?post_type=product&#038;p=8928"},"modified":"2025-10-10T16:05:24","modified_gmt":"2025-10-10T14:05:24","slug":"porte-menu-double-rigide","status":"publish","type":"product","link":"https:\/\/lams-home.com\/es\/produit\/porte-menu-double-rigide\/","title":{"rendered":"Porte-menu double rigide ROMA"},"content":{"rendered":"<p>Porte-menu double rigide Ext\u00e9rieur cuir de vachette lisse \u2013 Int\u00e9rieur feutrine noire avec \u00e9lastique central<\/p>\n<p class=\"\" data-start=\"249\" data-end=\"702\">Con\u00e7u pour les \u00e9tablissements \u00e0 la recherche d\u2019une pr\u00e9sentation \u00e9l\u00e9gante et fonctionnelle, ce porte-menu double rigide offre une finition haut de gamme gr\u00e2ce \u00e0 son cuir de vachette lisse pleine fleur. L\u2019int\u00e9rieur en feutrine noire visible apporte un contraste raffin\u00e9, tandis que l\u2019\u00e9lastique central permet de maintenir facilement deux feuilles A4 en vis-\u00e0-vis. Le renfort cartonn\u00e9 garantit une excellente tenue et une durabilit\u00e9 accrue.<\/p>\n<p class=\"\" data-start=\"704\" data-end=\"728\">\n","protected":false},"excerpt":{"rendered":"<p>Porte-menu double rigide Ext\u00e9rieur cuir de vachette lisse \u2013 Int\u00e9rieur feutrine noire avec \u00e9lastique central Con\u00e7u pour les \u00e9tablissements \u00e0 la recherche d\u2019une pr\u00e9sentation \u00e9l\u00e9gante et fonctionnelle, ce porte-menu double rigide offre une finition haut de gamme gr\u00e2ce \u00e0 son cuir de vachette lisse pleine fleur. L\u2019int\u00e9rieur en feutrine noire visible apporte un contraste raffin\u00e9, [&hellip;]<\/p>\n","protected":false},"featured_media":8824,"template":"","meta":{"_jet_sm_ready_style":"","_jet_sm_style":"","_jet_sm_controls_values":"","_jet_sm_fonts_collection":"","_jet_sm_fonts_links":""},"product_brand":[198],"product_cat":[67,121],"product_tag":[240],"product_collection":[413],"class_list":{"0":"post-8928","1":"product","2":"type-product","3":"status-publish","4":"has-post-thumbnail","6":"product_brand-lams-home","7":"product_cat-cuir","8":"product_cat-porte-menus","9":"product_tag-cuir","10":"product_collection-roma","12":"first","13":"instock","14":"taxable","15":"shipping-taxable","16":"purchasable","17":"product-type-variable","18":"has-default-attributes"},"_links":{"self":[{"href":"https:\/\/lams-home.com\/es\/wp-json\/wp\/v2\/product\/8928","targetHints":{"allow":["GET"]}}],"collection":[{"href":"https:\/\/lams-home.com\/es\/wp-json\/wp\/v2\/product"}],"about":[{"href":"https:\/\/lams-home.com\/es\/wp-json\/wp\/v2\/types\/product"}],"version-history":[{"count":0,"href":"https:\/\/lams-home.com\/es\/wp-json\/wp\/v2\/product\/8928\/revisions"}],"wp:featuredmedia":[{"embeddable":true,"href":"https:\/\/lams-home.com\/es\/wp-json\/wp\/v2\/media\/8824"}],"wp:attachment":[{"href":"https:\/\/lams-home.com\/es\/wp-json\/wp\/v2\/media?parent=8928"}],"wp:term":[{"taxonomy":"product_brand","embeddable":true,"href":"https:\/\/lams-home.com\/es\/wp-json\/wp\/v2\/product_brand?post=8928"},{"taxonomy":"product_cat","embeddable":true,"href":"https:\/\/lams-home.com\/es\/wp-json\/wp\/v2\/product_cat?post=8928"},{"taxonomy":"product_tag","embeddable":true,"href":"https:\/\/lams-home.com\/es\/wp-json\/wp\/v2\/product_tag?post=8928"},{"taxonomy":"product_collection","embeddable":true,"href":"https:\/\/lams-home.com\/es\/wp-json\/wp\/v2\/product_collection?post=8928"}],"curies":[{"name":"wp","href":"https:\/\/api.w.org\/{rel}","templated":true}]}}