{"id":9067,"date":"2025-05-17T11:31:28","date_gmt":"2025-05-17T09:31:28","guid":{"rendered":"https:\/\/lams-home.com\/?post_type=product&#038;p=9067"},"modified":"2025-10-10T16:05:24","modified_gmt":"2025-10-10T14:05:24","slug":"porte-addition-double-rigide-en-cuir-vachette","status":"publish","type":"product","link":"https:\/\/lams-home.com\/es\/produit\/porte-addition-double-rigide-en-cuir-vachette\/","title":{"rendered":"Porte-addition double rigide en cuir vachette ROMA"},"content":{"rendered":"<p class=\"\" data-start=\"164\" data-end=\"474\">Alliant \u00e9l\u00e9gance et solidit\u00e9, ce porte-addition double est con\u00e7u en cuir de vachette pour une pr\u00e9sentation soign\u00e9e et professionnelle. Sa structure rigide avec renfort cartonn\u00e9 assure une excellente durabilit\u00e9, tandis que l\u2019int\u00e9rieur en feutrine prot\u00e8ge vos documents et offre une finition haut de gamme.<\/p>\n<p class=\"\" data-start=\"476\" data-end=\"743\">\n","protected":false},"excerpt":{"rendered":"<p>Alliant \u00e9l\u00e9gance et solidit\u00e9, ce porte-addition double est con\u00e7u en cuir de vachette pour une pr\u00e9sentation soign\u00e9e et professionnelle. Sa structure rigide avec renfort cartonn\u00e9 assure une excellente durabilit\u00e9, tandis que l\u2019int\u00e9rieur en feutrine prot\u00e8ge vos documents et offre une finition haut de gamme.<\/p>\n","protected":false},"featured_media":5624,"template":"","meta":{"_jet_sm_ready_style":"","_jet_sm_style":"","_jet_sm_controls_values":"","_jet_sm_fonts_collection":"","_jet_sm_fonts_links":""},"product_brand":[198],"product_cat":[67,120],"product_tag":[240],"product_collection":[413],"class_list":{"0":"post-9067","1":"product","2":"type-product","3":"status-publish","4":"has-post-thumbnail","6":"product_brand-lams-home","7":"product_cat-cuir","8":"product_cat-porte-additions","9":"product_tag-cuir","10":"product_collection-roma","12":"first","13":"instock","14":"taxable","15":"shipping-taxable","16":"purchasable","17":"product-type-variable","18":"has-default-attributes"},"_links":{"self":[{"href":"https:\/\/lams-home.com\/es\/wp-json\/wp\/v2\/product\/9067","targetHints":{"allow":["GET"]}}],"collection":[{"href":"https:\/\/lams-home.com\/es\/wp-json\/wp\/v2\/product"}],"about":[{"href":"https:\/\/lams-home.com\/es\/wp-json\/wp\/v2\/types\/product"}],"version-history":[{"count":0,"href":"https:\/\/lams-home.com\/es\/wp-json\/wp\/v2\/product\/9067\/revisions"}],"wp:featuredmedia":[{"embeddable":true,"href":"https:\/\/lams-home.com\/es\/wp-json\/wp\/v2\/media\/5624"}],"wp:attachment":[{"href":"https:\/\/lams-home.com\/es\/wp-json\/wp\/v2\/media?parent=9067"}],"wp:term":[{"taxonomy":"product_brand","embeddable":true,"href":"https:\/\/lams-home.com\/es\/wp-json\/wp\/v2\/product_brand?post=9067"},{"taxonomy":"product_cat","embeddable":true,"href":"https:\/\/lams-home.com\/es\/wp-json\/wp\/v2\/product_cat?post=9067"},{"taxonomy":"product_tag","embeddable":true,"href":"https:\/\/lams-home.com\/es\/wp-json\/wp\/v2\/product_tag?post=9067"},{"taxonomy":"product_collection","embeddable":true,"href":"https:\/\/lams-home.com\/es\/wp-json\/wp\/v2\/product_collection?post=9067"}],"curies":[{"name":"wp","href":"https:\/\/api.w.org\/{rel}","templated":true}]}}