{"id":9466,"date":"2025-05-19T18:59:13","date_gmt":"2025-05-19T16:59:13","guid":{"rendered":"https:\/\/lams-home.com\/?post_type=product&#038;p=9466"},"modified":"2025-10-10T16:05:17","modified_gmt":"2025-10-10T14:05:17","slug":"planche-en-bois-dolivier-rectangulaire","status":"publish","type":"product","link":"https:\/\/lams-home.com\/es\/produit\/planche-en-bois-dolivier-rectangulaire\/","title":{"rendered":"Planche en bois d&#8217;olivier rectangulaire KOS"},"content":{"rendered":"<p class=\"p1\">Sculpt\u00e9e \u00e0 la main dans un bois d\u2019olivier massif et huil\u00e9, cette planche rectangulaire offre une \u00e9l\u00e9gance sobre et naturelle.<\/p>\n<p class=\"p1\">Sa forme droite et \u00e9pur\u00e9e en fait un support parfait pour le service, la d\u00e9coupe ou la pr\u00e9sentation en salle.<\/p>\n<p class=\"p1\">Chaque pi\u00e8ce est unique, fa\u00e7onn\u00e9e avec soin dans le respect du bois massif.<\/p>\n<p>&nbsp;<\/p>\n<p class=\"p1\">Disponible sur mesure (dimensions, forme, gravure) pour les professionnels de la restauration ou de l\u2019h\u00f4tellerie.<\/p>\n","protected":false},"excerpt":{"rendered":"<p>Sculpt\u00e9e \u00e0 la main dans un bois d\u2019olivier massif et huil\u00e9, cette planche rectangulaire offre une \u00e9l\u00e9gance sobre et naturelle. Sa forme droite et \u00e9pur\u00e9e en fait un support parfait pour le service, la d\u00e9coupe ou la pr\u00e9sentation en salle. Chaque pi\u00e8ce est unique, fa\u00e7onn\u00e9e avec soin dans le respect du bois massif. &nbsp; Disponible [&hellip;]<\/p>\n","protected":false},"featured_media":5786,"template":"","meta":{"_jet_sm_ready_style":"","_jet_sm_style":"","_jet_sm_controls_values":"","_jet_sm_fonts_collection":"","_jet_sm_fonts_links":""},"product_brand":[198],"product_cat":[58,231,233],"product_tag":[242],"product_collection":[447],"class_list":{"0":"post-9466","1":"product","2":"type-product","3":"status-publish","4":"has-post-thumbnail","6":"product_brand-lams-home","7":"product_cat-accessoires","8":"product_cat-planches","9":"product_cat-planches-en-bois-dolivier","10":"product_tag-bois-dolivier","11":"product_collection-kos","13":"first","14":"instock","15":"sale","16":"taxable","17":"shipping-taxable","18":"purchasable","19":"product-type-variable","20":"has-default-attributes"},"_links":{"self":[{"href":"https:\/\/lams-home.com\/es\/wp-json\/wp\/v2\/product\/9466","targetHints":{"allow":["GET"]}}],"collection":[{"href":"https:\/\/lams-home.com\/es\/wp-json\/wp\/v2\/product"}],"about":[{"href":"https:\/\/lams-home.com\/es\/wp-json\/wp\/v2\/types\/product"}],"version-history":[{"count":0,"href":"https:\/\/lams-home.com\/es\/wp-json\/wp\/v2\/product\/9466\/revisions"}],"wp:featuredmedia":[{"embeddable":true,"href":"https:\/\/lams-home.com\/es\/wp-json\/wp\/v2\/media\/5786"}],"wp:attachment":[{"href":"https:\/\/lams-home.com\/es\/wp-json\/wp\/v2\/media?parent=9466"}],"wp:term":[{"taxonomy":"product_brand","embeddable":true,"href":"https:\/\/lams-home.com\/es\/wp-json\/wp\/v2\/product_brand?post=9466"},{"taxonomy":"product_cat","embeddable":true,"href":"https:\/\/lams-home.com\/es\/wp-json\/wp\/v2\/product_cat?post=9466"},{"taxonomy":"product_tag","embeddable":true,"href":"https:\/\/lams-home.com\/es\/wp-json\/wp\/v2\/product_tag?post=9466"},{"taxonomy":"product_collection","embeddable":true,"href":"https:\/\/lams-home.com\/es\/wp-json\/wp\/v2\/product_collection?post=9466"}],"curies":[{"name":"wp","href":"https:\/\/api.w.org\/{rel}","templated":true}]}}