{"id":10227,"date":"2025-05-26T13:32:16","date_gmt":"2025-05-26T11:32:16","guid":{"rendered":"https:\/\/lams-home.com\/?post_type=product&#038;p=10227"},"modified":"2025-10-10T16:05:27","modified_gmt":"2025-10-10T14:05:27","slug":"tasse-a-cafe-en-gres","status":"publish","type":"product","link":"https:\/\/lams-home.com\/it\/produit\/tasse-a-cafe-en-gres\/","title":{"rendered":"Tasse \u00e0 caf\u00e9 en gr\u00e8s SETA"},"content":{"rendered":"<p data-start=\"318\" data-end=\"697\">Offrez \u00e0 vos clients un moment de raffinement avec cette tasse \u00e0 caf\u00e9 ou th\u00e9 sign\u00e9e LAMS HOME. Fabriqu\u00e9e en c\u00e9ramique de qualit\u00e9 sup\u00e9rieure, elle allie design \u00e9pur\u00e9 et finitions artisanales pour sublimer chaque pause gourmande. Son format polyvalent s\u2019adapte aussi bien aux expressos qu\u2019aux infusions d\u00e9licates, pour un usage au quotidien ou en service professionnel.<\/p>\n<p data-start=\"699\" data-end=\"950\">Id\u00e9ale pour les h\u00f4tels, salons de th\u00e9, concept stores et boutiques sp\u00e9cialis\u00e9es \u00e0 la recherche de produits esth\u00e9tiques et durables, cette tasse est disponible en plusieurs teintes naturelles et finitions mates ou brillantes, selon vos pr\u00e9f\u00e9rences.<\/p>\n<p data-start=\"699\" data-end=\"950\">Adapt\u00e9es au four, micro-ondes et lave-vaisselle<\/p>\n","protected":false},"excerpt":{"rendered":"<p>Offrez \u00e0 vos clients un moment de raffinement avec cette tasse \u00e0 caf\u00e9 ou th\u00e9 sign\u00e9e LAMS HOME. Fabriqu\u00e9e en c\u00e9ramique de qualit\u00e9 sup\u00e9rieure, elle allie design \u00e9pur\u00e9 et finitions artisanales pour sublimer chaque pause gourmande. Son format polyvalent s\u2019adapte aussi bien aux expressos qu\u2019aux infusions d\u00e9licates, pour un usage au quotidien ou en service [&hellip;]<\/p>\n","protected":false},"featured_media":10163,"template":"","meta":{"_jet_sm_ready_style":"","_jet_sm_style":"","_jet_sm_controls_values":"","_jet_sm_fonts_collection":"","_jet_sm_fonts_links":""},"product_brand":[198],"product_cat":[51,39],"product_tag":[244],"product_collection":[442],"class_list":{"0":"post-10227","1":"product","2":"type-product","3":"status-publish","4":"has-post-thumbnail","6":"product_brand-lams-home","7":"product_cat-mugs-et-tasses","8":"product_cat-vaisselle","9":"product_tag-ceramique","10":"product_collection-seta","12":"first","13":"instock","14":"taxable","15":"shipping-taxable","16":"purchasable","17":"product-type-variable","18":"has-default-attributes"},"_links":{"self":[{"href":"https:\/\/lams-home.com\/it\/wp-json\/wp\/v2\/product\/10227","targetHints":{"allow":["GET"]}}],"collection":[{"href":"https:\/\/lams-home.com\/it\/wp-json\/wp\/v2\/product"}],"about":[{"href":"https:\/\/lams-home.com\/it\/wp-json\/wp\/v2\/types\/product"}],"version-history":[{"count":0,"href":"https:\/\/lams-home.com\/it\/wp-json\/wp\/v2\/product\/10227\/revisions"}],"wp:featuredmedia":[{"embeddable":true,"href":"https:\/\/lams-home.com\/it\/wp-json\/wp\/v2\/media\/10163"}],"wp:attachment":[{"href":"https:\/\/lams-home.com\/it\/wp-json\/wp\/v2\/media?parent=10227"}],"wp:term":[{"taxonomy":"product_brand","embeddable":true,"href":"https:\/\/lams-home.com\/it\/wp-json\/wp\/v2\/product_brand?post=10227"},{"taxonomy":"product_cat","embeddable":true,"href":"https:\/\/lams-home.com\/it\/wp-json\/wp\/v2\/product_cat?post=10227"},{"taxonomy":"product_tag","embeddable":true,"href":"https:\/\/lams-home.com\/it\/wp-json\/wp\/v2\/product_tag?post=10227"},{"taxonomy":"product_collection","embeddable":true,"href":"https:\/\/lams-home.com\/it\/wp-json\/wp\/v2\/product_collection?post=10227"}],"curies":[{"name":"wp","href":"https:\/\/api.w.org\/{rel}","templated":true}]}}