{"id":10465,"date":"2025-05-29T12:21:17","date_gmt":"2025-05-29T10:21:17","guid":{"rendered":"https:\/\/lams-home.com\/?post_type=product&#038;p=10465"},"modified":"2025-10-10T16:05:13","modified_gmt":"2025-10-10T14:05:13","slug":"planche-en-marbre-rectangulaire-dona-2","status":"publish","type":"product","link":"https:\/\/lams-home.com\/it\/produit\/planche-en-marbre-rectangulaire-dona-2\/","title":{"rendered":"Planche en marbre rectangulaire DONA"},"content":{"rendered":"<p data-start=\"301\" data-end=\"500\">Cette planche en marbre naturel, au format compact et fonctionnel, est id\u00e9ale pour les professionnels de l\u2019h\u00f4tellerie et de la restauration souhaitant soigner leur pr\u00e9sentation \u00e0 table ou sur buffet.<\/p>\n<p data-start=\"502\" data-end=\"766\">Avec ses lignes \u00e9pur\u00e9es et sa surface lisse, elle sublime aussi bien les mets sal\u00e9s que sucr\u00e9s : fromages, desserts, bouch\u00e9es, amuse-bouches ou condiments. Son format polyvalent s\u2019adapte parfaitement aux services \u00e0 l\u2019assiette, en room service ou lors d\u2019\u00e9v\u00e9nements.<\/p>\n<ul data-start=\"768\" data-end=\"977\">\n<li data-start=\"768\" data-end=\"799\">\n<p data-start=\"770\" data-end=\"799\">Dimensions : 30 x 20 cm<\/p>\n<\/li>\n<li data-start=\"800\" data-end=\"878\">\n<p data-start=\"802\" data-end=\"878\">Mat\u00e9riau : Marbre naturel \u2013 Chaque pi\u00e8ce pr\u00e9sente des veinures uniques<\/p>\n<\/li>\n<li data-start=\"879\" data-end=\"977\">\n<p data-start=\"881\" data-end=\"977\">Utilisation : Pr\u00e9sentation gastronomique, plateau de service ou \u00e9l\u00e9ment d\u00e9coratif sur buffet<\/p>\n<\/li>\n<\/ul>\n<p data-start=\"979\" data-end=\"1097\">Sobre, r\u00e9sistante et facile \u00e0 nettoyer, cette planche valorise vos pr\u00e9parations avec distinction et professionnalisme.<\/p>\n","protected":false},"excerpt":{"rendered":"<p>Cette planche en marbre naturel, au format compact et fonctionnel, est id\u00e9ale pour les professionnels de l\u2019h\u00f4tellerie et de la restauration souhaitant soigner leur pr\u00e9sentation \u00e0 table ou sur buffet. Avec ses lignes \u00e9pur\u00e9es et sa surface lisse, elle sublime aussi bien les mets sal\u00e9s que sucr\u00e9s : fromages, desserts, bouch\u00e9es, amuse-bouches ou condiments. Son [&hellip;]<\/p>\n","protected":false},"featured_media":9138,"template":"","meta":{"_jet_sm_ready_style":"","_jet_sm_style":"","_jet_sm_controls_values":"","_jet_sm_fonts_collection":"","_jet_sm_fonts_links":""},"product_brand":[198],"product_cat":[58,231,234],"product_tag":[241],"product_collection":[577],"class_list":{"0":"post-10465","1":"product","2":"type-product","3":"status-publish","4":"has-post-thumbnail","6":"product_brand-lams-home","7":"product_cat-accessoires","8":"product_cat-planches","9":"product_cat-planches-en-marbre","10":"product_tag-marbre","11":"product_collection-dona","13":"first","14":"instock","15":"taxable","16":"shipping-taxable","17":"purchasable","18":"product-type-variable","19":"has-default-attributes"},"_links":{"self":[{"href":"https:\/\/lams-home.com\/it\/wp-json\/wp\/v2\/product\/10465","targetHints":{"allow":["GET"]}}],"collection":[{"href":"https:\/\/lams-home.com\/it\/wp-json\/wp\/v2\/product"}],"about":[{"href":"https:\/\/lams-home.com\/it\/wp-json\/wp\/v2\/types\/product"}],"version-history":[{"count":0,"href":"https:\/\/lams-home.com\/it\/wp-json\/wp\/v2\/product\/10465\/revisions"}],"wp:featuredmedia":[{"embeddable":true,"href":"https:\/\/lams-home.com\/it\/wp-json\/wp\/v2\/media\/9138"}],"wp:attachment":[{"href":"https:\/\/lams-home.com\/it\/wp-json\/wp\/v2\/media?parent=10465"}],"wp:term":[{"taxonomy":"product_brand","embeddable":true,"href":"https:\/\/lams-home.com\/it\/wp-json\/wp\/v2\/product_brand?post=10465"},{"taxonomy":"product_cat","embeddable":true,"href":"https:\/\/lams-home.com\/it\/wp-json\/wp\/v2\/product_cat?post=10465"},{"taxonomy":"product_tag","embeddable":true,"href":"https:\/\/lams-home.com\/it\/wp-json\/wp\/v2\/product_tag?post=10465"},{"taxonomy":"product_collection","embeddable":true,"href":"https:\/\/lams-home.com\/it\/wp-json\/wp\/v2\/product_collection?post=10465"}],"curies":[{"name":"wp","href":"https:\/\/api.w.org\/{rel}","templated":true}]}}