{"id":10493,"date":"2025-05-29T13:27:22","date_gmt":"2025-05-29T11:27:22","guid":{"rendered":"https:\/\/lams-home.com\/?post_type=product&#038;p=10493"},"modified":"2025-10-10T16:05:11","modified_gmt":"2025-10-10T14:05:11","slug":"set-de-bouteilles-dhuile-dolive-et-de-vinaigre-en-gres-anaqa","status":"publish","type":"product","link":"https:\/\/lams-home.com\/it\/produit\/set-de-bouteilles-dhuile-dolive-et-de-vinaigre-en-gres-anaqa\/","title":{"rendered":"Set pour Huile &#038; Vinaigre en gr\u00e8s  ANAQA"},"content":{"rendered":"<p data-start=\"252\" data-end=\"531\">Pens\u00e9 pour les professionnels de la restauration, de la d\u00e9coration ou les concept stores, le set ANAQA associe esth\u00e9tisme et utilit\u00e9. Compos\u00e9 de deux bouteilles en gr\u00e8s naturel. Il permet de stocker et pr\u00e9senter huiles ou vinaigres de mani\u00e8re soign\u00e9e et \u00e9l\u00e9gante.<\/p>\n<p data-start=\"533\" data-end=\"705\">La finition mate ou brillante ainsi que le bouchon en li\u00e8ge naturel soulignent l\u2019aspect artisanal du produit, tout en offrant une bonne protection des liquides contre la lumi\u00e8re et l\u2019oxydation.<\/p>\n<p data-start=\"707\" data-end=\"733\"><strong data-start=\"707\" data-end=\"731\">D\u00e9tails techniques :<\/strong><\/p>\n<ul data-start=\"734\" data-end=\"1026\">\n<li data-start=\"870\" data-end=\"913\">\n<p data-start=\"872\" data-end=\"913\">Utilisation : Huiles et vinaigres<\/p>\n<\/li>\n<li data-start=\"961\" data-end=\"1026\">\n<p data-start=\"963\" data-end=\"1026\">Usage : Restauration, h\u00f4tellerie, \u00e9piceries fines, d\u00e9coration<\/p>\n<\/li>\n<\/ul>\n<p data-start=\"1028\" data-end=\"1170\">Un produit \u00e0 forte valeur ajout\u00e9e pour enrichir votre offre avec une pi\u00e8ce durable, \u00e9l\u00e9gante et appr\u00e9ci\u00e9e des clients en qu\u00eate d\u2019authenticit\u00e9.<\/p>\n","protected":false},"excerpt":{"rendered":"<p>Pens\u00e9 pour les professionnels de la restauration, de la d\u00e9coration ou les concept stores, le set ANAQA associe esth\u00e9tisme et utilit\u00e9. Compos\u00e9 de deux bouteilles en gr\u00e8s naturel. Il permet de stocker et pr\u00e9senter huiles ou vinaigres de mani\u00e8re soign\u00e9e et \u00e9l\u00e9gante. La finition mate ou brillante ainsi que le bouchon en li\u00e8ge naturel soulignent [&hellip;]<\/p>\n","protected":false},"featured_media":10495,"template":"","meta":{"_jet_sm_ready_style":"","_jet_sm_style":"","_jet_sm_controls_values":"","_jet_sm_fonts_collection":"","_jet_sm_fonts_links":""},"product_brand":[198],"product_cat":[226,39],"product_tag":[244],"product_collection":[415],"class_list":{"0":"post-10493","1":"product","2":"type-product","3":"status-publish","4":"has-post-thumbnail","6":"product_brand-lams-home","7":"product_cat-bouteilles-dhuile","8":"product_cat-vaisselle","9":"product_tag-ceramique","10":"product_collection-anaqa","12":"first","13":"instock","14":"sale","15":"taxable","16":"shipping-taxable","17":"purchasable","18":"product-type-variable","19":"has-default-attributes"},"_links":{"self":[{"href":"https:\/\/lams-home.com\/it\/wp-json\/wp\/v2\/product\/10493","targetHints":{"allow":["GET"]}}],"collection":[{"href":"https:\/\/lams-home.com\/it\/wp-json\/wp\/v2\/product"}],"about":[{"href":"https:\/\/lams-home.com\/it\/wp-json\/wp\/v2\/types\/product"}],"version-history":[{"count":0,"href":"https:\/\/lams-home.com\/it\/wp-json\/wp\/v2\/product\/10493\/revisions"}],"wp:featuredmedia":[{"embeddable":true,"href":"https:\/\/lams-home.com\/it\/wp-json\/wp\/v2\/media\/10495"}],"wp:attachment":[{"href":"https:\/\/lams-home.com\/it\/wp-json\/wp\/v2\/media?parent=10493"}],"wp:term":[{"taxonomy":"product_brand","embeddable":true,"href":"https:\/\/lams-home.com\/it\/wp-json\/wp\/v2\/product_brand?post=10493"},{"taxonomy":"product_cat","embeddable":true,"href":"https:\/\/lams-home.com\/it\/wp-json\/wp\/v2\/product_cat?post=10493"},{"taxonomy":"product_tag","embeddable":true,"href":"https:\/\/lams-home.com\/it\/wp-json\/wp\/v2\/product_tag?post=10493"},{"taxonomy":"product_collection","embeddable":true,"href":"https:\/\/lams-home.com\/it\/wp-json\/wp\/v2\/product_collection?post=10493"}],"curies":[{"name":"wp","href":"https:\/\/api.w.org\/{rel}","templated":true}]}}