{"id":10803,"date":"2025-05-30T10:48:37","date_gmt":"2025-05-30T08:48:37","guid":{"rendered":"https:\/\/lams-home.com\/?post_type=product&#038;p=10803"},"modified":"2025-10-10T16:05:11","modified_gmt":"2025-10-10T14:05:11","slug":"bol-en-gres-anaqa-2","status":"publish","type":"product","link":"https:\/\/lams-home.com\/it\/produit\/bol-en-gres-anaqa-2\/","title":{"rendered":"Bol en gr\u00e8s ANAQA"},"content":{"rendered":"<p class=\"\" data-start=\"284\" data-end=\"556\">D\u00e9couvrez notre collection de bols en gr\u00e8s, con\u00e7ue pour r\u00e9pondre aux exigences des professionnels de la d\u00e9coration, de la restauration et de l\u2019h\u00f4tellerie. Chaque pi\u00e8ce est fabriqu\u00e9e avec soin dans un style brut et \u00e9l\u00e9gant, mettant en valeur les nuances naturelles du gr\u00e8s.<\/p>\n<p class=\"\" data-start=\"558\" data-end=\"745\">Id\u00e9al pour compl\u00e9ter une vaisselle haut de gamme au style minimaliste, ce bol s\u2019adapte \u00e0 de multiples usages : petit-d\u00e9jeuner, sauces, entr\u00e9es ou desserts.<\/p>\n","protected":false},"excerpt":{"rendered":"<p>D\u00e9couvrez notre collection de bols en gr\u00e8s, con\u00e7ue pour r\u00e9pondre aux exigences des professionnels de la d\u00e9coration, de la restauration et de l\u2019h\u00f4tellerie. Chaque pi\u00e8ce est fabriqu\u00e9e avec soin dans un style brut et \u00e9l\u00e9gant, mettant en valeur les nuances naturelles du gr\u00e8s. Id\u00e9al pour compl\u00e9ter une vaisselle haut de gamme au style minimaliste, ce [&hellip;]<\/p>\n","protected":false},"featured_media":2175,"template":"","meta":{"_jet_sm_ready_style":"","_jet_sm_style":"","_jet_sm_controls_values":"","_jet_sm_fonts_collection":"","_jet_sm_fonts_links":""},"product_brand":[198],"product_cat":[218,39],"product_tag":[244],"product_collection":[415],"class_list":{"0":"post-10803","1":"product","2":"type-product","3":"status-publish","4":"has-post-thumbnail","6":"product_brand-lams-home","7":"product_cat-bols","8":"product_cat-vaisselle","9":"product_tag-ceramique","10":"product_collection-anaqa","12":"first","13":"instock","14":"sale","15":"taxable","16":"shipping-taxable","17":"purchasable","18":"product-type-variable","19":"has-default-attributes"},"_links":{"self":[{"href":"https:\/\/lams-home.com\/it\/wp-json\/wp\/v2\/product\/10803","targetHints":{"allow":["GET"]}}],"collection":[{"href":"https:\/\/lams-home.com\/it\/wp-json\/wp\/v2\/product"}],"about":[{"href":"https:\/\/lams-home.com\/it\/wp-json\/wp\/v2\/types\/product"}],"version-history":[{"count":0,"href":"https:\/\/lams-home.com\/it\/wp-json\/wp\/v2\/product\/10803\/revisions"}],"wp:featuredmedia":[{"embeddable":true,"href":"https:\/\/lams-home.com\/it\/wp-json\/wp\/v2\/media\/2175"}],"wp:attachment":[{"href":"https:\/\/lams-home.com\/it\/wp-json\/wp\/v2\/media?parent=10803"}],"wp:term":[{"taxonomy":"product_brand","embeddable":true,"href":"https:\/\/lams-home.com\/it\/wp-json\/wp\/v2\/product_brand?post=10803"},{"taxonomy":"product_cat","embeddable":true,"href":"https:\/\/lams-home.com\/it\/wp-json\/wp\/v2\/product_cat?post=10803"},{"taxonomy":"product_tag","embeddable":true,"href":"https:\/\/lams-home.com\/it\/wp-json\/wp\/v2\/product_tag?post=10803"},{"taxonomy":"product_collection","embeddable":true,"href":"https:\/\/lams-home.com\/it\/wp-json\/wp\/v2\/product_collection?post=10803"}],"curies":[{"name":"wp","href":"https:\/\/api.w.org\/{rel}","templated":true}]}}