{"id":10991,"date":"2025-06-01T08:47:20","date_gmt":"2025-06-01T06:47:20","guid":{"rendered":"https:\/\/lams-home.com\/?post_type=product&#038;p=10991"},"modified":"2025-11-17T13:33:58","modified_gmt":"2025-11-17T12:33:58","slug":"plat-bucabudi-long-40-cm-pietra","status":"publish","type":"product","link":"https:\/\/lams-home.com\/it\/produit\/plat-bucabudi-long-40-cm-pietra\/","title":{"rendered":"Plat bucabudi long PIETRA"},"content":{"rendered":"<p class=\"p1\">Ce grand plat de service en gr\u00e8s de 30 ou 40\u202fcm allie esth\u00e9tique artisanale et fonctionnalit\u00e9 moderne. Sa finition soign\u00e9e et sa teinte naturelle en font une pi\u00e8ce ma\u00eetresse pour sublimer vos pr\u00e9sentations culinaires, du four \u00e0 la table.<\/p>\n<p class=\"p3\">Caract\u00e9ristiques principales :<\/p>\n<ul>\n<li>\n<p class=\"p1\"><span class=\"s1\">Fabrication artisanale :<\/span> Chaque pi\u00e8ce est unique, t\u00e9moignant du savoir-faire traditionnel.<\/p>\n<\/li>\n<li>\n<p class=\"p1\"><span class=\"s1\">Dimensions g\u00e9n\u00e9reuses :<\/span> Avec ses 30 ou 40\u202fcm, id\u00e9al pour servir des plats \u00e0 partager.<\/p>\n<\/li>\n<li>\n<p class=\"p1\"><span class=\"s1\">Utilisation polyvalente :<\/span> Parfait pour la pr\u00e9sentation \u00e0 table ; peut \u00eatre utilis\u00e9 occasionnellement au four, bien que ce ne soit pas sa fonction principale.<\/p>\n<\/li>\n<li>\n<p class=\"p1\"><span class=\"s1\">Entretien facile :<\/span> Compatible avec le lave-vaisselle pour un nettoyage sans effort.<\/p>\n<\/li>\n<\/ul>\n<p>&nbsp;<\/p>\n<p class=\"p1\">Ce plat de service en gr\u00e8s est con\u00e7u pour r\u00e9pondre aux exigences des professionnels de la restauration, alliant durabilit\u00e9 et esth\u00e9tique pour sublimer vos pr\u00e9sentations culinaires.<\/p>\n","protected":false},"excerpt":{"rendered":"<p>Ce grand plat de service en gr\u00e8s de 30 ou 40\u202fcm allie esth\u00e9tique artisanale et fonctionnalit\u00e9 moderne. Sa finition soign\u00e9e et sa teinte naturelle en font une pi\u00e8ce ma\u00eetresse pour sublimer vos pr\u00e9sentations culinaires, du four \u00e0 la table. Caract\u00e9ristiques principales : Fabrication artisanale : Chaque pi\u00e8ce est unique, t\u00e9moignant du savoir-faire traditionnel. Dimensions g\u00e9n\u00e9reuses [&hellip;]<\/p>\n","protected":false},"featured_media":2391,"template":"","meta":{"_jet_sm_ready_style":"","_jet_sm_style":"","_jet_sm_controls_values":"","_jet_sm_fonts_collection":"","_jet_sm_fonts_links":""},"product_brand":[198],"product_cat":[53,228,16,220,39],"product_tag":[244],"product_collection":[441],"class_list":{"0":"post-10991","1":"product","2":"type-product","3":"status-publish","4":"has-post-thumbnail","6":"product_brand-lams-home","7":"product_cat-decoration","8":"product_cat-grands-plats","9":"product_cat-non-classe","10":"product_cat-plats-a-servir","11":"product_cat-vaisselle","12":"product_tag-ceramique","13":"product_collection-pietra","15":"first","16":"instock","17":"taxable","18":"shipping-taxable","19":"purchasable","20":"product-type-variable","21":"has-default-attributes"},"_links":{"self":[{"href":"https:\/\/lams-home.com\/it\/wp-json\/wp\/v2\/product\/10991","targetHints":{"allow":["GET"]}}],"collection":[{"href":"https:\/\/lams-home.com\/it\/wp-json\/wp\/v2\/product"}],"about":[{"href":"https:\/\/lams-home.com\/it\/wp-json\/wp\/v2\/types\/product"}],"version-history":[{"count":0,"href":"https:\/\/lams-home.com\/it\/wp-json\/wp\/v2\/product\/10991\/revisions"}],"wp:featuredmedia":[{"embeddable":true,"href":"https:\/\/lams-home.com\/it\/wp-json\/wp\/v2\/media\/2391"}],"wp:attachment":[{"href":"https:\/\/lams-home.com\/it\/wp-json\/wp\/v2\/media?parent=10991"}],"wp:term":[{"taxonomy":"product_brand","embeddable":true,"href":"https:\/\/lams-home.com\/it\/wp-json\/wp\/v2\/product_brand?post=10991"},{"taxonomy":"product_cat","embeddable":true,"href":"https:\/\/lams-home.com\/it\/wp-json\/wp\/v2\/product_cat?post=10991"},{"taxonomy":"product_tag","embeddable":true,"href":"https:\/\/lams-home.com\/it\/wp-json\/wp\/v2\/product_tag?post=10991"},{"taxonomy":"product_collection","embeddable":true,"href":"https:\/\/lams-home.com\/it\/wp-json\/wp\/v2\/product_collection?post=10991"}],"curies":[{"name":"wp","href":"https:\/\/api.w.org\/{rel}","templated":true}]}}