{"id":11066,"date":"2025-06-02T16:15:34","date_gmt":"2025-06-02T14:15:34","guid":{"rendered":"https:\/\/lams-home.com\/?post_type=product&#038;p=11066"},"modified":"2026-01-12T01:05:57","modified_gmt":"2026-01-12T00:05:57","slug":"saladier-en-gres-terra-2","status":"publish","type":"product","link":"https:\/\/lams-home.com\/it\/produit\/saladier-en-gres-terra-2\/","title":{"rendered":"Saladier en gr\u00e8s  TERRA"},"content":{"rendered":"<p class=\"p1\">Le saladier TERRA incarne l\u2019\u00e9l\u00e9gance artisanale alli\u00e9e \u00e0 une fonctionnalit\u00e9 moderne. Fa\u00e7onn\u00e9 \u00e0 la main en gr\u00e8s, il pr\u00e9sente des courbes fluides et un design \u00e9pur\u00e9, offrant une esth\u00e9tique naturelle et contemporaine. Disponible en plusieurs combinaisons de couleurs, il s\u2019int\u00e8gre harmonieusement \u00e0 divers styles de pr\u00e9sentation culinaire.<\/p>\n<p class=\"p3\">Caract\u00e9ristiques principales :<\/p>\n<ul>\n<li>\n<p class=\"p1\"><span class=\"s1\">Fabrication artisanale :<\/span> Chaque pi\u00e8ce est unique, t\u00e9moignant du savoir-faire traditionnel.<\/p>\n<\/li>\n<li>\n<p class=\"p1\"><span class=\"s1\">Design \u00e9pur\u00e9 :<\/span> Forme fluide et courbes simples pour une esth\u00e9tique contemporaine.<\/p>\n<\/li>\n<li>\n<p class=\"p1\"><span class=\"s1\">Vari\u00e9t\u00e9 de couleurs :<\/span> Disponible en plusieurs combinaisons pour s\u2019harmoniser avec votre vaisselle existante.<\/p>\n<\/li>\n<li>\n<p class=\"p1\"><span class=\"s1\">Utilisation polyvalente :<\/span> Id\u00e9al pour servir des salades, des plats \u00e0 partager ou en pi\u00e8ce ma\u00eetresse sur la table.<\/p>\n<\/li>\n<li>\n<p class=\"p1\"><span class=\"s1\">Entretien facile :<\/span> Compatible avec le four, le micro-ondes et le lave-vaisselle, pour une utilisation quotidienne sans contrainte.<\/p>\n<\/li>\n<\/ul>\n<p>&nbsp;<\/p>\n<p class=\"p1\">Le saladier TERRA est con\u00e7u pour r\u00e9pondre aux exigences des professionnels de la restauration, alliant durabilit\u00e9 et esth\u00e9tique pour sublimer vos pr\u00e9sentations culinaires.<\/p>\n","protected":false},"excerpt":{"rendered":"<p>Le saladier TERRA incarne l\u2019\u00e9l\u00e9gance artisanale alli\u00e9e \u00e0 une fonctionnalit\u00e9 moderne. Fa\u00e7onn\u00e9 \u00e0 la main en gr\u00e8s, il pr\u00e9sente des courbes fluides et un design \u00e9pur\u00e9, offrant une esth\u00e9tique naturelle et contemporaine. Disponible en plusieurs combinaisons de couleurs, il s\u2019int\u00e8gre harmonieusement \u00e0 divers styles de pr\u00e9sentation culinaire. Caract\u00e9ristiques principales : Fabrication artisanale : Chaque pi\u00e8ce [&hellip;]<\/p>\n","protected":false},"featured_media":2378,"template":"","meta":{"_jet_sm_ready_style":"","_jet_sm_style":"","_jet_sm_controls_values":"","_jet_sm_fonts_collection":"","_jet_sm_fonts_links":""},"product_brand":[198],"product_cat":[219,39],"product_tag":[244],"product_collection":[598],"class_list":{"0":"post-11066","1":"product","2":"type-product","3":"status-publish","4":"has-post-thumbnail","6":"product_brand-lams-home","7":"product_cat-saladiers","8":"product_cat-vaisselle","9":"product_tag-ceramique","10":"product_collection-terra","12":"first","13":"instock","14":"taxable","15":"shipping-taxable","16":"purchasable","17":"product-type-variable","18":"has-default-attributes"},"_links":{"self":[{"href":"https:\/\/lams-home.com\/it\/wp-json\/wp\/v2\/product\/11066","targetHints":{"allow":["GET"]}}],"collection":[{"href":"https:\/\/lams-home.com\/it\/wp-json\/wp\/v2\/product"}],"about":[{"href":"https:\/\/lams-home.com\/it\/wp-json\/wp\/v2\/types\/product"}],"version-history":[{"count":0,"href":"https:\/\/lams-home.com\/it\/wp-json\/wp\/v2\/product\/11066\/revisions"}],"wp:featuredmedia":[{"embeddable":true,"href":"https:\/\/lams-home.com\/it\/wp-json\/wp\/v2\/media\/2378"}],"wp:attachment":[{"href":"https:\/\/lams-home.com\/it\/wp-json\/wp\/v2\/media?parent=11066"}],"wp:term":[{"taxonomy":"product_brand","embeddable":true,"href":"https:\/\/lams-home.com\/it\/wp-json\/wp\/v2\/product_brand?post=11066"},{"taxonomy":"product_cat","embeddable":true,"href":"https:\/\/lams-home.com\/it\/wp-json\/wp\/v2\/product_cat?post=11066"},{"taxonomy":"product_tag","embeddable":true,"href":"https:\/\/lams-home.com\/it\/wp-json\/wp\/v2\/product_tag?post=11066"},{"taxonomy":"product_collection","embeddable":true,"href":"https:\/\/lams-home.com\/it\/wp-json\/wp\/v2\/product_collection?post=11066"}],"curies":[{"name":"wp","href":"https:\/\/api.w.org\/{rel}","templated":true}]}}