{"id":11486,"date":"2025-06-11T13:14:05","date_gmt":"2025-06-11T11:14:05","guid":{"rendered":"https:\/\/lams-home.com\/?post_type=product&#038;p=11486"},"modified":"2025-10-10T16:05:19","modified_gmt":"2025-10-10T14:05:19","slug":"paire-tasse-a-the-20-cl-lilas","status":"publish","type":"product","link":"https:\/\/lams-home.com\/it\/produit\/paire-tasse-a-the-20-cl-lilas\/","title":{"rendered":"PAIRE TASSE A THE 20 CL LILAS"},"content":{"rendered":"<p class=\"p1\">Paire tasse \u00e0 th\u00e9 20 cl avec sa sous-tasse assortie, en porcelaine blanche lisse. Un mod\u00e8le <span class=\"s1\">classique et raffin\u00e9<\/span>, id\u00e9al pour le service du th\u00e9 dans les h\u00f4tels, salons de th\u00e9 ou restaurants \u00e0 l\u2019\u00e9l\u00e9gance discr\u00e8te.<\/p>\n<ul>\n<li>\n<p class=\"p1\">Contenance tasse : 20 cl<\/p>\n<\/li>\n<li>\n<p class=\"p1\">Porcelaine blanche lisse, finition brillante<\/p>\n<\/li>\n<li>\n<p class=\"p1\">Design traditionnel et intemporel<\/p>\n<\/li>\n<li>\n<p class=\"p1\">Sous-tasse assortie incluse<\/p>\n<\/li>\n<li>\n<p class=\"p1\">Compatible lave-vaisselle et micro-ondes<\/p>\n<\/li>\n<li>\n<p class=\"p1\">Empilable et con\u00e7u pour un usage professionnel quotidien<\/p>\n<\/li>\n<\/ul>\n<p>&nbsp;<\/p>\n","protected":false},"excerpt":{"rendered":"<p>Paire tasse \u00e0 th\u00e9 20 cl avec sa sous-tasse assortie, en porcelaine blanche lisse. Un mod\u00e8le classique et raffin\u00e9, id\u00e9al pour le service du th\u00e9 dans les h\u00f4tels, salons de th\u00e9 ou restaurants \u00e0 l\u2019\u00e9l\u00e9gance discr\u00e8te. Contenance tasse : 20 cl Porcelaine blanche lisse, finition brillante Design traditionnel et intemporel Sous-tasse assortie incluse Compatible lave-vaisselle [&hellip;]<\/p>\n","protected":false},"featured_media":1404,"template":"","meta":{"_jet_sm_ready_style":"","_jet_sm_style":"","_jet_sm_controls_values":"","_jet_sm_fonts_collection":"","_jet_sm_fonts_links":""},"product_brand":[198],"product_cat":[51,39],"product_tag":[245],"product_collection":[422],"class_list":{"0":"post-11486","1":"product","2":"type-product","3":"status-publish","4":"has-post-thumbnail","6":"product_brand-lams-home","7":"product_cat-mugs-et-tasses","8":"product_cat-vaisselle","9":"product_tag-porcelaine","10":"product_collection-lilas","12":"first","13":"instock","14":"taxable","15":"shipping-taxable","16":"purchasable","17":"product-type-variable","18":"has-default-attributes"},"_links":{"self":[{"href":"https:\/\/lams-home.com\/it\/wp-json\/wp\/v2\/product\/11486","targetHints":{"allow":["GET"]}}],"collection":[{"href":"https:\/\/lams-home.com\/it\/wp-json\/wp\/v2\/product"}],"about":[{"href":"https:\/\/lams-home.com\/it\/wp-json\/wp\/v2\/types\/product"}],"version-history":[{"count":0,"href":"https:\/\/lams-home.com\/it\/wp-json\/wp\/v2\/product\/11486\/revisions"}],"wp:featuredmedia":[{"embeddable":true,"href":"https:\/\/lams-home.com\/it\/wp-json\/wp\/v2\/media\/1404"}],"wp:attachment":[{"href":"https:\/\/lams-home.com\/it\/wp-json\/wp\/v2\/media?parent=11486"}],"wp:term":[{"taxonomy":"product_brand","embeddable":true,"href":"https:\/\/lams-home.com\/it\/wp-json\/wp\/v2\/product_brand?post=11486"},{"taxonomy":"product_cat","embeddable":true,"href":"https:\/\/lams-home.com\/it\/wp-json\/wp\/v2\/product_cat?post=11486"},{"taxonomy":"product_tag","embeddable":true,"href":"https:\/\/lams-home.com\/it\/wp-json\/wp\/v2\/product_tag?post=11486"},{"taxonomy":"product_collection","embeddable":true,"href":"https:\/\/lams-home.com\/it\/wp-json\/wp\/v2\/product_collection?post=11486"}],"curies":[{"name":"wp","href":"https:\/\/api.w.org\/{rel}","templated":true}]}}