{"id":11489,"date":"2025-06-11T13:20:03","date_gmt":"2025-06-11T11:20:03","guid":{"rendered":"https:\/\/lams-home.com\/?post_type=product&#038;p=11489"},"modified":"2025-10-10T16:05:19","modified_gmt":"2025-10-10T14:05:19","slug":"bol-a-bouillon-13-cm-lilas","status":"publish","type":"product","link":"https:\/\/lams-home.com\/it\/produit\/bol-a-bouillon-13-cm-lilas\/","title":{"rendered":"BOL A BOUILLON 13 CM   LILAS"},"content":{"rendered":"<p class=\"p1\">Bol \u00e0 bouillon en porcelaine blanche lisse, <span class=\"s1\">forme classique et \u00e9l\u00e9gante<\/span>, con\u00e7u pour les potages, consomm\u00e9s ou entr\u00e9es chaudes. La collection LILAS propose une ligne sobre et fonctionnelle, parfaitement adapt\u00e9e au service professionnel.<\/p>\n<ul>\n<li>\n<p class=\"p1\">Diam\u00e8tre : 13 cm<\/p>\n<\/li>\n<li>\n<p class=\"p1\">Porcelaine blanche lisse, finition brillante<\/p>\n<\/li>\n<li>\n<p class=\"p1\">Design classique, courbes douces<\/p>\n<\/li>\n<li>\n<p class=\"p1\">Empilable, solide, usage intensif en restauration<\/p>\n<\/li>\n<li>\n<p class=\"p1\">Compatible lave-vaisselle, micro-ondes et four<\/p>\n<\/li>\n<\/ul>\n<p>&nbsp;<\/p>\n","protected":false},"excerpt":{"rendered":"<p>Bol \u00e0 bouillon en porcelaine blanche lisse, forme classique et \u00e9l\u00e9gante, con\u00e7u pour les potages, consomm\u00e9s ou entr\u00e9es chaudes. La collection LILAS propose une ligne sobre et fonctionnelle, parfaitement adapt\u00e9e au service professionnel. Diam\u00e8tre : 13 cm Porcelaine blanche lisse, finition brillante Design classique, courbes douces Empilable, solide, usage intensif en restauration Compatible lave-vaisselle, micro-ondes [&hellip;]<\/p>\n","protected":false},"featured_media":1401,"template":"","meta":{"_jet_sm_ready_style":"","_jet_sm_style":"","_jet_sm_controls_values":"","_jet_sm_fonts_collection":"","_jet_sm_fonts_links":""},"product_brand":[198],"product_cat":[218,39],"product_tag":[245],"product_collection":[422],"class_list":{"0":"post-11489","1":"product","2":"type-product","3":"status-publish","4":"has-post-thumbnail","6":"product_brand-lams-home","7":"product_cat-bols","8":"product_cat-vaisselle","9":"product_tag-porcelaine","10":"product_collection-lilas","12":"first","13":"instock","14":"taxable","15":"shipping-taxable","16":"purchasable","17":"product-type-variable","18":"has-default-attributes"},"_links":{"self":[{"href":"https:\/\/lams-home.com\/it\/wp-json\/wp\/v2\/product\/11489","targetHints":{"allow":["GET"]}}],"collection":[{"href":"https:\/\/lams-home.com\/it\/wp-json\/wp\/v2\/product"}],"about":[{"href":"https:\/\/lams-home.com\/it\/wp-json\/wp\/v2\/types\/product"}],"version-history":[{"count":0,"href":"https:\/\/lams-home.com\/it\/wp-json\/wp\/v2\/product\/11489\/revisions"}],"wp:featuredmedia":[{"embeddable":true,"href":"https:\/\/lams-home.com\/it\/wp-json\/wp\/v2\/media\/1401"}],"wp:attachment":[{"href":"https:\/\/lams-home.com\/it\/wp-json\/wp\/v2\/media?parent=11489"}],"wp:term":[{"taxonomy":"product_brand","embeddable":true,"href":"https:\/\/lams-home.com\/it\/wp-json\/wp\/v2\/product_brand?post=11489"},{"taxonomy":"product_cat","embeddable":true,"href":"https:\/\/lams-home.com\/it\/wp-json\/wp\/v2\/product_cat?post=11489"},{"taxonomy":"product_tag","embeddable":true,"href":"https:\/\/lams-home.com\/it\/wp-json\/wp\/v2\/product_tag?post=11489"},{"taxonomy":"product_collection","embeddable":true,"href":"https:\/\/lams-home.com\/it\/wp-json\/wp\/v2\/product_collection?post=11489"}],"curies":[{"name":"wp","href":"https:\/\/api.w.org\/{rel}","templated":true}]}}