{"id":11612,"date":"2025-06-12T14:18:47","date_gmt":"2025-06-12T12:18:47","guid":{"rendered":"https:\/\/lams-home.com\/?post_type=product&#038;p=11612"},"modified":"2025-10-10T16:05:32","modified_gmt":"2025-10-10T14:05:32","slug":"assiette-calotte-17-cm-tournesol","status":"publish","type":"product","link":"https:\/\/lams-home.com\/it\/produit\/assiette-calotte-17-cm-tournesol\/","title":{"rendered":"ASSIETTE CALOTTE 17 CM  TOURNESOL"},"content":{"rendered":"<p class=\"p1\">Assiette calotte en porcelaine blanche lisse, au design \u00e9l\u00e9gant et parfaitement proportionn\u00e9.<\/p>\n<p class=\"p1\">La collection <span class=\"s1\">TOURNESOL<\/span> se distingue par une courbure d\u00e9licate entre le fond et les bords, id\u00e9ale pour sublimer les petites entr\u00e9es, les accompagnements ou les desserts raffin\u00e9s.<\/p>\n<p class=\"p3\">Diam\u00e8tre :<span class=\"s2\"> 17 cm<\/span><\/p>\n<p class=\"p3\">Porcelaine blanche lisse, finition brillante<\/p>\n<p class=\"p3\">Ligne continue et harmonieuse entre fond et rebord<\/p>\n<p class=\"p3\">Design \u00e9quilibr\u00e9 et minimaliste<\/p>\n<p class=\"p3\">Empilable, compatible four, lave-vaisselle et micro-ondes<\/p>\n<p class=\"p3\">Con\u00e7ue pour un usage professionnel intensif<\/p>\n","protected":false},"excerpt":{"rendered":"<p>Assiette calotte en porcelaine blanche lisse, au design \u00e9l\u00e9gant et parfaitement proportionn\u00e9. La collection TOURNESOL se distingue par une courbure d\u00e9licate entre le fond et les bords, id\u00e9ale pour sublimer les petites entr\u00e9es, les accompagnements ou les desserts raffin\u00e9s. Diam\u00e8tre : 17 cm Porcelaine blanche lisse, finition brillante Ligne continue et harmonieuse entre fond et [&hellip;]<\/p>\n","protected":false},"featured_media":1467,"template":"","meta":{"_jet_sm_ready_style":"","_jet_sm_style":"","_jet_sm_controls_values":"","_jet_sm_fonts_collection":"","_jet_sm_fonts_links":""},"product_brand":[198],"product_cat":[216,39],"product_tag":[245],"product_collection":[427],"class_list":{"0":"post-11612","1":"product","2":"type-product","3":"status-publish","4":"has-post-thumbnail","6":"product_brand-lams-home","7":"product_cat-assiettes-creuses","8":"product_cat-vaisselle","9":"product_tag-porcelaine","10":"product_collection-tournesol","12":"first","13":"instock","14":"taxable","15":"shipping-taxable","16":"purchasable","17":"product-type-variable","18":"has-default-attributes"},"_links":{"self":[{"href":"https:\/\/lams-home.com\/it\/wp-json\/wp\/v2\/product\/11612","targetHints":{"allow":["GET"]}}],"collection":[{"href":"https:\/\/lams-home.com\/it\/wp-json\/wp\/v2\/product"}],"about":[{"href":"https:\/\/lams-home.com\/it\/wp-json\/wp\/v2\/types\/product"}],"version-history":[{"count":0,"href":"https:\/\/lams-home.com\/it\/wp-json\/wp\/v2\/product\/11612\/revisions"}],"wp:featuredmedia":[{"embeddable":true,"href":"https:\/\/lams-home.com\/it\/wp-json\/wp\/v2\/media\/1467"}],"wp:attachment":[{"href":"https:\/\/lams-home.com\/it\/wp-json\/wp\/v2\/media?parent=11612"}],"wp:term":[{"taxonomy":"product_brand","embeddable":true,"href":"https:\/\/lams-home.com\/it\/wp-json\/wp\/v2\/product_brand?post=11612"},{"taxonomy":"product_cat","embeddable":true,"href":"https:\/\/lams-home.com\/it\/wp-json\/wp\/v2\/product_cat?post=11612"},{"taxonomy":"product_tag","embeddable":true,"href":"https:\/\/lams-home.com\/it\/wp-json\/wp\/v2\/product_tag?post=11612"},{"taxonomy":"product_collection","embeddable":true,"href":"https:\/\/lams-home.com\/it\/wp-json\/wp\/v2\/product_collection?post=11612"}],"curies":[{"name":"wp","href":"https:\/\/api.w.org\/{rel}","templated":true}]}}