{"id":11613,"date":"2025-06-12T14:36:39","date_gmt":"2025-06-12T12:36:39","guid":{"rendered":"https:\/\/lams-home.com\/?post_type=product&#038;p=11613"},"modified":"2025-10-10T16:05:21","modified_gmt":"2025-10-10T14:05:21","slug":"assiette-plate-bleu-lignes-20-cm","status":"publish","type":"product","link":"https:\/\/lams-home.com\/it\/produit\/assiette-plate-bleu-lignes-20-cm\/","title":{"rendered":"Assiette plate bleu Lignes 20 cm  MOON"},"content":{"rendered":"<p class=\"p1\">Con\u00e7ue pour r\u00e9pondre aux exigences du secteur h\u00f4telier et de la restauration, cette assiette plate en c\u00e9ramique allie durabilit\u00e9, \u00e9l\u00e9gance sobre et polyvalence.<\/p>\n<p class=\"p1\">Id\u00e9ale pour le service des entr\u00e9es, desserts ou portions individuelles en format soign\u00e9, elle s\u2019int\u00e8gre parfaitement \u00e0 une table contemporaine.<\/p>\n<p class=\"p1\"><span class=\"s1\">Fa\u00e7onn\u00e9e enti\u00e8rement \u00e0 la main<\/span>, chaque pi\u00e8ce est unique, avec de l\u00e9g\u00e8res variations qui t\u00e9moignent d\u2019un savoir-faire artisanal authentique.<\/p>\n<p class=\"p3\">C\u00e9ramique \u00e9maill\u00e9e artisanale<\/p>\n<p class=\"p3\">Design sobre et intemporel<\/p>\n<p class=\"p3\">Format id\u00e9al pour une pr\u00e9sentation soign\u00e9e<\/p>\n<p class=\"p3\">Haute r\u00e9sistance \u00e0 l\u2019usage professionnel<\/p>\n<p class=\"p3\">Compatible lave-vaisselle et micro-ondes<\/p>\n<p class=\"p3\">Chaque pi\u00e8ce est unique \u2013 finitions manuelles<\/p>\n","protected":false},"excerpt":{"rendered":"<p>Con\u00e7ue pour r\u00e9pondre aux exigences du secteur h\u00f4telier et de la restauration, cette assiette plate en c\u00e9ramique allie durabilit\u00e9, \u00e9l\u00e9gance sobre et polyvalence. Id\u00e9ale pour le service des entr\u00e9es, desserts ou portions individuelles en format soign\u00e9, elle s\u2019int\u00e8gre parfaitement \u00e0 une table contemporaine. Fa\u00e7onn\u00e9e enti\u00e8rement \u00e0 la main, chaque pi\u00e8ce est unique, avec de l\u00e9g\u00e8res [&hellip;]<\/p>\n","protected":false},"featured_media":6164,"template":"","meta":{"_jet_sm_ready_style":"","_jet_sm_style":"","_jet_sm_controls_values":"","_jet_sm_fonts_collection":"","_jet_sm_fonts_links":""},"product_brand":[717],"product_cat":[215,39],"product_tag":[244],"product_collection":[714],"class_list":{"0":"post-11613","1":"product","2":"type-product","3":"status-publish","4":"has-post-thumbnail","6":"product_brand-belle-lune","7":"product_cat-assiettes-plates","8":"product_cat-vaisselle","9":"product_tag-ceramique","10":"product_collection-moon","12":"first","13":"instock","14":"taxable","15":"shipping-taxable","16":"purchasable","17":"product-type-variable","18":"has-default-attributes"},"_links":{"self":[{"href":"https:\/\/lams-home.com\/it\/wp-json\/wp\/v2\/product\/11613","targetHints":{"allow":["GET"]}}],"collection":[{"href":"https:\/\/lams-home.com\/it\/wp-json\/wp\/v2\/product"}],"about":[{"href":"https:\/\/lams-home.com\/it\/wp-json\/wp\/v2\/types\/product"}],"version-history":[{"count":0,"href":"https:\/\/lams-home.com\/it\/wp-json\/wp\/v2\/product\/11613\/revisions"}],"wp:featuredmedia":[{"embeddable":true,"href":"https:\/\/lams-home.com\/it\/wp-json\/wp\/v2\/media\/6164"}],"wp:attachment":[{"href":"https:\/\/lams-home.com\/it\/wp-json\/wp\/v2\/media?parent=11613"}],"wp:term":[{"taxonomy":"product_brand","embeddable":true,"href":"https:\/\/lams-home.com\/it\/wp-json\/wp\/v2\/product_brand?post=11613"},{"taxonomy":"product_cat","embeddable":true,"href":"https:\/\/lams-home.com\/it\/wp-json\/wp\/v2\/product_cat?post=11613"},{"taxonomy":"product_tag","embeddable":true,"href":"https:\/\/lams-home.com\/it\/wp-json\/wp\/v2\/product_tag?post=11613"},{"taxonomy":"product_collection","embeddable":true,"href":"https:\/\/lams-home.com\/it\/wp-json\/wp\/v2\/product_collection?post=11613"}],"curies":[{"name":"wp","href":"https:\/\/api.w.org\/{rel}","templated":true}]}}