{"id":11760,"date":"2025-06-14T14:36:55","date_gmt":"2025-06-14T12:36:55","guid":{"rendered":"https:\/\/lams-home.com\/?post_type=product&#038;p=11760"},"modified":"2025-10-10T16:05:17","modified_gmt":"2025-10-10T14:05:17","slug":"bol-13-cm-jour-nuit-blanc","status":"publish","type":"product","link":"https:\/\/lams-home.com\/it\/produit\/bol-13-cm-jour-nuit-blanc\/","title":{"rendered":"BOL 13 CM  Jour &#038; Nuit  Noir"},"content":{"rendered":"<p class=\"p1\">Bol en porcelaine blanche lisse, orn\u00e9 d\u2019un fin liser\u00e9 dor\u00e9 et d\u2019un d\u00e9cor noir subtil sur le contour.<\/p>\n<p class=\"p1\">La collection <span class=\"s1\">Jour &amp; Nuit<\/span> incarne l\u2019\u00e9l\u00e9gance sobre et la finesse artisanale, id\u00e9ale pour un service raffin\u00e9 en h\u00f4tellerie et restauration.<\/p>\n<p class=\"p1\">Son format de 13 cm convient parfaitement aux entr\u00e9es, soupes, desserts ou accompagnements.<\/p>\n<p class=\"p3\">Diam\u00e8tre :<span class=\"s2\"> 13 cm<\/span><\/p>\n<p class=\"p3\">Porcelaine blanche lisse, finition brillante<\/p>\n<p class=\"p3\">D\u00e9cor noir et bordure dor\u00e9e<\/p>\n<p class=\"p3\">Design chic et intemporel<\/p>\n<p class=\"p3\">Compatible lave-vaisselle (cycle d\u00e9licat)<\/p>\n<p class=\"p3\">Con\u00e7u pour un usage professionnel \u00e9l\u00e9gant<\/p>\n","protected":false},"excerpt":{"rendered":"<p>Bol en porcelaine blanche lisse, orn\u00e9 d\u2019un fin liser\u00e9 dor\u00e9 et d\u2019un d\u00e9cor noir subtil sur le contour. La collection Jour &amp; Nuit incarne l\u2019\u00e9l\u00e9gance sobre et la finesse artisanale, id\u00e9ale pour un service raffin\u00e9 en h\u00f4tellerie et restauration. Son format de 13 cm convient parfaitement aux entr\u00e9es, soupes, desserts ou accompagnements. Diam\u00e8tre : 13 [&hellip;]<\/p>\n","protected":false},"featured_media":11690,"template":"","meta":{"_jet_sm_ready_style":"","_jet_sm_style":"","_jet_sm_controls_values":"","_jet_sm_fonts_collection":"","_jet_sm_fonts_links":""},"product_brand":[198],"product_cat":[218,39],"product_tag":[245],"product_collection":[431],"class_list":{"0":"post-11760","1":"product","2":"type-product","3":"status-publish","4":"has-post-thumbnail","6":"product_brand-lams-home","7":"product_cat-bols","8":"product_cat-vaisselle","9":"product_tag-porcelaine","10":"product_collection-jour-nuit-noir","12":"first","13":"instock","14":"taxable","15":"shipping-taxable","16":"purchasable","17":"product-type-variable","18":"has-default-attributes"},"_links":{"self":[{"href":"https:\/\/lams-home.com\/it\/wp-json\/wp\/v2\/product\/11760","targetHints":{"allow":["GET"]}}],"collection":[{"href":"https:\/\/lams-home.com\/it\/wp-json\/wp\/v2\/product"}],"about":[{"href":"https:\/\/lams-home.com\/it\/wp-json\/wp\/v2\/types\/product"}],"version-history":[{"count":0,"href":"https:\/\/lams-home.com\/it\/wp-json\/wp\/v2\/product\/11760\/revisions"}],"wp:featuredmedia":[{"embeddable":true,"href":"https:\/\/lams-home.com\/it\/wp-json\/wp\/v2\/media\/11690"}],"wp:attachment":[{"href":"https:\/\/lams-home.com\/it\/wp-json\/wp\/v2\/media?parent=11760"}],"wp:term":[{"taxonomy":"product_brand","embeddable":true,"href":"https:\/\/lams-home.com\/it\/wp-json\/wp\/v2\/product_brand?post=11760"},{"taxonomy":"product_cat","embeddable":true,"href":"https:\/\/lams-home.com\/it\/wp-json\/wp\/v2\/product_cat?post=11760"},{"taxonomy":"product_tag","embeddable":true,"href":"https:\/\/lams-home.com\/it\/wp-json\/wp\/v2\/product_tag?post=11760"},{"taxonomy":"product_collection","embeddable":true,"href":"https:\/\/lams-home.com\/it\/wp-json\/wp\/v2\/product_collection?post=11760"}],"curies":[{"name":"wp","href":"https:\/\/api.w.org\/{rel}","templated":true}]}}