{"id":11826,"date":"2025-06-15T18:58:43","date_gmt":"2025-06-15T16:58:43","guid":{"rendered":"https:\/\/lams-home.com\/?post_type=product&#038;p=11826"},"modified":"2025-10-10T16:05:17","modified_gmt":"2025-10-10T14:05:17","slug":"assiette-calotte-20-cm-lava-noire","status":"publish","type":"product","link":"https:\/\/lams-home.com\/it\/produit\/assiette-calotte-20-cm-lava-noire\/","title":{"rendered":"ASSIETTE CALOTTE 20 CM  LAVA  Noire"},"content":{"rendered":"<p class=\"p1\">Assiette calotte en gr\u00e8s noir mat, au design organique inspir\u00e9 de la lave volcanique.<\/p>\n<p class=\"p1\">Sa courbure douce et sa profondeur ma\u00eetris\u00e9e en font une pi\u00e8ce id\u00e9ale pour les soupes, entr\u00e9es cr\u00e9atives ou desserts raffin\u00e9s.<\/p>\n<p class=\"p1\">La collection <span class=\"s1\">LAVA<\/span> allie texture min\u00e9rale, \u00e9l\u00e9gance brute et l\u00e9g\u00e8ret\u00e9 de fabrication, pour une pr\u00e9sentation saisissante.<\/p>\n<p class=\"p3\">Diam\u00e8tre :<span class=\"s2\"> 20 cm<\/span><\/p>\n<p class=\"p3\">Gr\u00e8s noir mat, finition effet lave<\/p>\n<p class=\"p3\">Courbure fluide et profondeur \u00e9quilibr\u00e9e<\/p>\n<p class=\"p3\">Design contemporain, sobre et naturel<\/p>\n<p class=\"p3\">Compatible four, micro-ondes et lave-vaisselle<\/p>\n<p class=\"p3\">Parfaite pour un usage professionnel intensif<b><\/b><\/p>\n","protected":false},"excerpt":{"rendered":"<p>Assiette calotte en gr\u00e8s noir mat, au design organique inspir\u00e9 de la lave volcanique. Sa courbure douce et sa profondeur ma\u00eetris\u00e9e en font une pi\u00e8ce id\u00e9ale pour les soupes, entr\u00e9es cr\u00e9atives ou desserts raffin\u00e9s. La collection LAVA allie texture min\u00e9rale, \u00e9l\u00e9gance brute et l\u00e9g\u00e8ret\u00e9 de fabrication, pour une pr\u00e9sentation saisissante. Diam\u00e8tre : 20 cm Gr\u00e8s [&hellip;]<\/p>\n","protected":false},"featured_media":1393,"template":"","meta":{"_jet_sm_ready_style":"","_jet_sm_style":"","_jet_sm_controls_values":"","_jet_sm_fonts_collection":"","_jet_sm_fonts_links":""},"product_brand":[198],"product_cat":[216,219,39],"product_tag":[244],"product_collection":[416],"class_list":{"0":"post-11826","1":"product","2":"type-product","3":"status-publish","4":"has-post-thumbnail","6":"product_brand-lams-home","7":"product_cat-assiettes-creuses","8":"product_cat-saladiers","9":"product_cat-vaisselle","10":"product_tag-ceramique","11":"product_collection-lava","13":"first","14":"instock","15":"taxable","16":"shipping-taxable","17":"purchasable","18":"product-type-variable","19":"has-default-attributes"},"_links":{"self":[{"href":"https:\/\/lams-home.com\/it\/wp-json\/wp\/v2\/product\/11826","targetHints":{"allow":["GET"]}}],"collection":[{"href":"https:\/\/lams-home.com\/it\/wp-json\/wp\/v2\/product"}],"about":[{"href":"https:\/\/lams-home.com\/it\/wp-json\/wp\/v2\/types\/product"}],"version-history":[{"count":0,"href":"https:\/\/lams-home.com\/it\/wp-json\/wp\/v2\/product\/11826\/revisions"}],"wp:featuredmedia":[{"embeddable":true,"href":"https:\/\/lams-home.com\/it\/wp-json\/wp\/v2\/media\/1393"}],"wp:attachment":[{"href":"https:\/\/lams-home.com\/it\/wp-json\/wp\/v2\/media?parent=11826"}],"wp:term":[{"taxonomy":"product_brand","embeddable":true,"href":"https:\/\/lams-home.com\/it\/wp-json\/wp\/v2\/product_brand?post=11826"},{"taxonomy":"product_cat","embeddable":true,"href":"https:\/\/lams-home.com\/it\/wp-json\/wp\/v2\/product_cat?post=11826"},{"taxonomy":"product_tag","embeddable":true,"href":"https:\/\/lams-home.com\/it\/wp-json\/wp\/v2\/product_tag?post=11826"},{"taxonomy":"product_collection","embeddable":true,"href":"https:\/\/lams-home.com\/it\/wp-json\/wp\/v2\/product_collection?post=11826"}],"curies":[{"name":"wp","href":"https:\/\/api.w.org\/{rel}","templated":true}]}}