{"id":12168,"date":"2025-06-18T18:56:51","date_gmt":"2025-06-18T16:56:51","guid":{"rendered":"https:\/\/lams-home.com\/?post_type=product&#038;p=12168"},"modified":"2025-10-10T16:05:30","modified_gmt":"2025-10-10T14:05:30","slug":"tasse-a-the-23-cl-toscane-46","status":"publish","type":"product","link":"https:\/\/lams-home.com\/it\/produit\/tasse-a-the-23-cl-toscane-46\/","title":{"rendered":"TASSE A THE 23 CL  TOSCANE 46"},"content":{"rendered":"<p class=\"p1\">Tasse \u00e0 th\u00e9 en gr\u00e8s \u00e9maill\u00e9 aux teintes douces et naturelles, m\u00ealant des nuances de vert pastel, bleu brume et beige l\u00e9ger.<\/p>\n<p class=\"p1\">La collection <span class=\"s1\">TOSCANE 46<\/span> offre un design apaisant et contemporain, avec une finition mi-mate, mi-brillante qui r\u00e9v\u00e8le la richesse artisanale de chaque pi\u00e8ce.<\/p>\n<p class=\"p1\">Avec sa contenance de 23 cl, cette tasse est id\u00e9ale pour le service du th\u00e9 ou d\u2019infusions dans un cadre \u00e9l\u00e9gant et chaleureux.<\/p>\n<p class=\"p3\">Capacit\u00e9 :<span class=\"s2\"> 23 cl<\/span><\/p>\n<p class=\"p3\">Gr\u00e8s \u00e9maill\u00e9, couleurs pastel vert, bleu et beige<\/p>\n<p class=\"p3\">Finition mi-mate, mi-brillante<\/p>\n<p class=\"p3\">Forme douce et confortable en main<\/p>\n<p class=\"p3\">Compatible lave-vaisselle et micro-ondes<\/p>\n<p class=\"p3\">Parfaite pour un usage professionnel raffin\u00e9<b><\/b><\/p>\n","protected":false},"excerpt":{"rendered":"<p>Tasse \u00e0 th\u00e9 en gr\u00e8s \u00e9maill\u00e9 aux teintes douces et naturelles, m\u00ealant des nuances de vert pastel, bleu brume et beige l\u00e9ger. La collection TOSCANE 46 offre un design apaisant et contemporain, avec une finition mi-mate, mi-brillante qui r\u00e9v\u00e8le la richesse artisanale de chaque pi\u00e8ce. Avec sa contenance de 23 cl, cette tasse est id\u00e9ale [&hellip;]<\/p>\n","protected":false},"featured_media":1344,"template":"","meta":{"_jet_sm_ready_style":"","_jet_sm_style":"","_jet_sm_controls_values":"","_jet_sm_fonts_collection":"","_jet_sm_fonts_links":""},"product_brand":[198],"product_cat":[51,39],"product_tag":[244],"product_collection":[417],"class_list":{"0":"post-12168","1":"product","2":"type-product","3":"status-publish","4":"has-post-thumbnail","6":"product_brand-lams-home","7":"product_cat-mugs-et-tasses","8":"product_cat-vaisselle","9":"product_tag-ceramique","10":"product_collection-toscane","12":"first","13":"instock","14":"taxable","15":"shipping-taxable","16":"purchasable","17":"product-type-variable","18":"has-default-attributes"},"_links":{"self":[{"href":"https:\/\/lams-home.com\/it\/wp-json\/wp\/v2\/product\/12168","targetHints":{"allow":["GET"]}}],"collection":[{"href":"https:\/\/lams-home.com\/it\/wp-json\/wp\/v2\/product"}],"about":[{"href":"https:\/\/lams-home.com\/it\/wp-json\/wp\/v2\/types\/product"}],"version-history":[{"count":0,"href":"https:\/\/lams-home.com\/it\/wp-json\/wp\/v2\/product\/12168\/revisions"}],"wp:featuredmedia":[{"embeddable":true,"href":"https:\/\/lams-home.com\/it\/wp-json\/wp\/v2\/media\/1344"}],"wp:attachment":[{"href":"https:\/\/lams-home.com\/it\/wp-json\/wp\/v2\/media?parent=12168"}],"wp:term":[{"taxonomy":"product_brand","embeddable":true,"href":"https:\/\/lams-home.com\/it\/wp-json\/wp\/v2\/product_brand?post=12168"},{"taxonomy":"product_cat","embeddable":true,"href":"https:\/\/lams-home.com\/it\/wp-json\/wp\/v2\/product_cat?post=12168"},{"taxonomy":"product_tag","embeddable":true,"href":"https:\/\/lams-home.com\/it\/wp-json\/wp\/v2\/product_tag?post=12168"},{"taxonomy":"product_collection","embeddable":true,"href":"https:\/\/lams-home.com\/it\/wp-json\/wp\/v2\/product_collection?post=12168"}],"curies":[{"name":"wp","href":"https:\/\/api.w.org\/{rel}","templated":true}]}}