{"id":12265,"date":"2025-06-19T10:00:15","date_gmt":"2025-06-19T08:00:15","guid":{"rendered":"https:\/\/lams-home.com\/?post_type=product&#038;p=12265"},"modified":"2025-10-10T16:05:30","modified_gmt":"2025-10-10T14:05:30","slug":"assiette-plate-27-cm-toscane-13","status":"publish","type":"product","link":"https:\/\/lams-home.com\/it\/produit\/assiette-plate-27-cm-toscane-13\/","title":{"rendered":"ASSIETTE PLATE 27 CM   TOSCANE 13"},"content":{"rendered":"<p class=\"p1\">Assiette en gr\u00e8s \u00e9maill\u00e9 aux tons naturels et chaleureux, m\u00ealant beige doux et lisi\u00e8re rouille pour une touche artisanale subtile.<\/p>\n<p class=\"p1\">La collection <span class=\"s1\">TOSCANE 13<\/span> s\u00e9duit par sa finition brillante, sa forme parfaitement ronde et son design simple mais expressif.<\/p>\n<p class=\"p1\">Son diam\u00e8tre de 27 cm en fait une pi\u00e8ce id\u00e9ale pour le service des plats principaux.<\/p>\n<p class=\"p3\">Diam\u00e8tre :<span class=\"s2\"> 27 cm<\/span><\/p>\n<p class=\"p3\">Gr\u00e8s \u00e9maill\u00e9 brillant, teintes naturelles avec lisi\u00e8re rouille<\/p>\n<p class=\"p3\">Forme ronde, sans rebord marqu\u00e9<\/p>\n<p class=\"p3\">Design sobre et authentique<\/p>\n<p class=\"p3\">Compatible four, micro-ondes et lave-vaisselle<\/p>\n<p class=\"p3\">Con\u00e7ue pour un usage professionnel \u00e9l\u00e9gant et quotidien<b><\/b><\/p>\n","protected":false},"excerpt":{"rendered":"<p>Assiette en gr\u00e8s \u00e9maill\u00e9 aux tons naturels et chaleureux, m\u00ealant beige doux et lisi\u00e8re rouille pour une touche artisanale subtile. La collection TOSCANE 13 s\u00e9duit par sa finition brillante, sa forme parfaitement ronde et son design simple mais expressif. Son diam\u00e8tre de 27 cm en fait une pi\u00e8ce id\u00e9ale pour le service des plats principaux. [&hellip;]<\/p>\n","protected":false},"featured_media":1368,"template":"","meta":{"_jet_sm_ready_style":"","_jet_sm_style":"","_jet_sm_controls_values":"","_jet_sm_fonts_collection":"","_jet_sm_fonts_links":""},"product_brand":[198],"product_cat":[215,39],"product_tag":[244],"product_collection":[417],"class_list":{"0":"post-12265","1":"product","2":"type-product","3":"status-publish","4":"has-post-thumbnail","6":"product_brand-lams-home","7":"product_cat-assiettes-plates","8":"product_cat-vaisselle","9":"product_tag-ceramique","10":"product_collection-toscane","12":"first","13":"instock","14":"taxable","15":"shipping-taxable","16":"purchasable","17":"product-type-variable","18":"has-default-attributes"},"_links":{"self":[{"href":"https:\/\/lams-home.com\/it\/wp-json\/wp\/v2\/product\/12265","targetHints":{"allow":["GET"]}}],"collection":[{"href":"https:\/\/lams-home.com\/it\/wp-json\/wp\/v2\/product"}],"about":[{"href":"https:\/\/lams-home.com\/it\/wp-json\/wp\/v2\/types\/product"}],"version-history":[{"count":0,"href":"https:\/\/lams-home.com\/it\/wp-json\/wp\/v2\/product\/12265\/revisions"}],"wp:featuredmedia":[{"embeddable":true,"href":"https:\/\/lams-home.com\/it\/wp-json\/wp\/v2\/media\/1368"}],"wp:attachment":[{"href":"https:\/\/lams-home.com\/it\/wp-json\/wp\/v2\/media?parent=12265"}],"wp:term":[{"taxonomy":"product_brand","embeddable":true,"href":"https:\/\/lams-home.com\/it\/wp-json\/wp\/v2\/product_brand?post=12265"},{"taxonomy":"product_cat","embeddable":true,"href":"https:\/\/lams-home.com\/it\/wp-json\/wp\/v2\/product_cat?post=12265"},{"taxonomy":"product_tag","embeddable":true,"href":"https:\/\/lams-home.com\/it\/wp-json\/wp\/v2\/product_tag?post=12265"},{"taxonomy":"product_collection","embeddable":true,"href":"https:\/\/lams-home.com\/it\/wp-json\/wp\/v2\/product_collection?post=12265"}],"curies":[{"name":"wp","href":"https:\/\/api.w.org\/{rel}","templated":true}]}}