{"id":24291,"date":"2025-07-14T18:08:35","date_gmt":"2025-07-14T16:08:35","guid":{"rendered":"https:\/\/lams-home.com\/?post_type=product&#038;p=24291"},"modified":"2025-10-10T16:05:19","modified_gmt":"2025-10-10T14:05:19","slug":"tasse-lido-8-cm","status":"publish","type":"product","link":"https:\/\/lams-home.com\/it\/produit\/tasse-lido-8-cm\/","title":{"rendered":"TASSE  LIDO 8 CM   BEIGE BRILLANT"},"content":{"rendered":"<p class=\"p1\">Sans anse et reprenant la m\u00eame courbe directe que le bol de la collection, le <span class=\"s1\">gobelet LIDO<\/span> s\u00e9duit par sa simplicit\u00e9 et son \u00e9quilibre. Id\u00e9al pour le service du th\u00e9, du caf\u00e9 ou de toute autre boisson chaude ou froide.<\/p>\n<p class=\"p1\">Fabriqu\u00e9 en c\u00e9ramique de qualit\u00e9, il est disponible en plusieurs coloris harmonieux pour s\u2019accorder \u00e0 toutes vos tables.<\/p>\n<p class=\"p2\">Compatible four, micro-ondes et lave-vaisselle.<\/p>\n","protected":false},"excerpt":{"rendered":"<p>Sans anse et reprenant la m\u00eame courbe directe que le bol de la collection, le gobelet LIDO s\u00e9duit par sa simplicit\u00e9 et son \u00e9quilibre. Id\u00e9al pour le service du th\u00e9, du caf\u00e9 ou de toute autre boisson chaude ou froide. Fabriqu\u00e9 en c\u00e9ramique de qualit\u00e9, il est disponible en plusieurs coloris harmonieux pour s\u2019accorder \u00e0 [&hellip;]<\/p>\n","protected":false},"featured_media":23995,"template":"","meta":{"_jet_sm_ready_style":"","_jet_sm_style":"","_jet_sm_controls_values":"","_jet_sm_fonts_collection":"","_jet_sm_fonts_links":""},"product_brand":[198],"product_cat":[51,39],"product_tag":[244],"product_collection":[440],"class_list":{"0":"post-24291","1":"product","2":"type-product","3":"status-publish","4":"has-post-thumbnail","6":"product_brand-lams-home","7":"product_cat-mugs-et-tasses","8":"product_cat-vaisselle","9":"product_tag-ceramique","10":"product_collection-lido","12":"first","13":"instock","14":"taxable","15":"shipping-taxable","16":"purchasable","17":"product-type-variable","18":"has-default-attributes"},"_links":{"self":[{"href":"https:\/\/lams-home.com\/it\/wp-json\/wp\/v2\/product\/24291","targetHints":{"allow":["GET"]}}],"collection":[{"href":"https:\/\/lams-home.com\/it\/wp-json\/wp\/v2\/product"}],"about":[{"href":"https:\/\/lams-home.com\/it\/wp-json\/wp\/v2\/types\/product"}],"version-history":[{"count":0,"href":"https:\/\/lams-home.com\/it\/wp-json\/wp\/v2\/product\/24291\/revisions"}],"wp:featuredmedia":[{"embeddable":true,"href":"https:\/\/lams-home.com\/it\/wp-json\/wp\/v2\/media\/23995"}],"wp:attachment":[{"href":"https:\/\/lams-home.com\/it\/wp-json\/wp\/v2\/media?parent=24291"}],"wp:term":[{"taxonomy":"product_brand","embeddable":true,"href":"https:\/\/lams-home.com\/it\/wp-json\/wp\/v2\/product_brand?post=24291"},{"taxonomy":"product_cat","embeddable":true,"href":"https:\/\/lams-home.com\/it\/wp-json\/wp\/v2\/product_cat?post=24291"},{"taxonomy":"product_tag","embeddable":true,"href":"https:\/\/lams-home.com\/it\/wp-json\/wp\/v2\/product_tag?post=24291"},{"taxonomy":"product_collection","embeddable":true,"href":"https:\/\/lams-home.com\/it\/wp-json\/wp\/v2\/product_collection?post=24291"}],"curies":[{"name":"wp","href":"https:\/\/api.w.org\/{rel}","templated":true}]}}