{"id":24319,"date":"2025-07-15T08:47:17","date_gmt":"2025-07-15T06:47:17","guid":{"rendered":"https:\/\/lams-home.com\/?post_type=product&#038;p=24319"},"modified":"2025-10-10T16:05:12","modified_gmt":"2025-10-10T14:05:12","slug":"moule-a-cake-29-cm-fonte","status":"publish","type":"product","link":"https:\/\/lams-home.com\/it\/produit\/moule-a-cake-29-cm-fonte\/","title":{"rendered":"Moule \u00e0 cake 29 CM  CALDA"},"content":{"rendered":"<p class=\"p1\">Con\u00e7u en c\u00e9ramique de qualit\u00e9, ce moule \u00e0 cake de <span class=\"s1\">29 cm<\/span> combine efficacit\u00e9 et esth\u00e9tique. Sa forme allong\u00e9e est parfaite pour vos cakes sucr\u00e9s ou sal\u00e9s, et assure une cuisson homog\u00e8ne.<\/p>\n<p class=\"p1\">Sa finition lisse et ses coloris vari\u00e9s en font une pi\u00e8ce aussi belle que pratique, id\u00e9ale pour passer du four \u00e0 la table avec style.<\/p>\n<p class=\"p2\">Compatible four, micro-ondes et lave-vaisselle.<\/p>\n","protected":false},"excerpt":{"rendered":"<p>Con\u00e7u en c\u00e9ramique de qualit\u00e9, ce moule \u00e0 cake de 29 cm combine efficacit\u00e9 et esth\u00e9tique. Sa forme allong\u00e9e est parfaite pour vos cakes sucr\u00e9s ou sal\u00e9s, et assure une cuisson homog\u00e8ne. Sa finition lisse et ses coloris vari\u00e9s en font une pi\u00e8ce aussi belle que pratique, id\u00e9ale pour passer du four \u00e0 la table [&hellip;]<\/p>\n","protected":false},"featured_media":23280,"template":"","meta":{"_jet_sm_ready_style":"","_jet_sm_style":"","_jet_sm_controls_values":"","_jet_sm_fonts_collection":"","_jet_sm_fonts_links":""},"product_brand":[198],"product_cat":[223,39],"product_tag":[244],"product_collection":[811],"class_list":{"0":"post-24319","1":"product","2":"type-product","3":"status-publish","4":"has-post-thumbnail","6":"product_brand-lams-home","7":"product_cat-plats-a-four","8":"product_cat-vaisselle","9":"product_tag-ceramique","10":"product_collection-calda","12":"first","13":"instock","14":"taxable","15":"shipping-taxable","16":"purchasable","17":"product-type-variable","18":"has-default-attributes"},"_links":{"self":[{"href":"https:\/\/lams-home.com\/it\/wp-json\/wp\/v2\/product\/24319","targetHints":{"allow":["GET"]}}],"collection":[{"href":"https:\/\/lams-home.com\/it\/wp-json\/wp\/v2\/product"}],"about":[{"href":"https:\/\/lams-home.com\/it\/wp-json\/wp\/v2\/types\/product"}],"version-history":[{"count":0,"href":"https:\/\/lams-home.com\/it\/wp-json\/wp\/v2\/product\/24319\/revisions"}],"wp:featuredmedia":[{"embeddable":true,"href":"https:\/\/lams-home.com\/it\/wp-json\/wp\/v2\/media\/23280"}],"wp:attachment":[{"href":"https:\/\/lams-home.com\/it\/wp-json\/wp\/v2\/media?parent=24319"}],"wp:term":[{"taxonomy":"product_brand","embeddable":true,"href":"https:\/\/lams-home.com\/it\/wp-json\/wp\/v2\/product_brand?post=24319"},{"taxonomy":"product_cat","embeddable":true,"href":"https:\/\/lams-home.com\/it\/wp-json\/wp\/v2\/product_cat?post=24319"},{"taxonomy":"product_tag","embeddable":true,"href":"https:\/\/lams-home.com\/it\/wp-json\/wp\/v2\/product_tag?post=24319"},{"taxonomy":"product_collection","embeddable":true,"href":"https:\/\/lams-home.com\/it\/wp-json\/wp\/v2\/product_collection?post=24319"}],"curies":[{"name":"wp","href":"https:\/\/api.w.org\/{rel}","templated":true}]}}