{"id":24618,"date":"2025-08-14T17:40:18","date_gmt":"2025-08-14T15:40:18","guid":{"rendered":"https:\/\/lams-home.com\/?post_type=product&#038;p=24618"},"modified":"2025-10-10T16:05:24","modified_gmt":"2025-10-10T14:05:24","slug":"vase-b-riva-18cm","status":"publish","type":"product","link":"https:\/\/lams-home.com\/it\/produit\/vase-b-riva-18cm\/","title":{"rendered":"VASE  B   RIVA   18CM"},"content":{"rendered":"<p class=\"p1\">Dans ce format plus <span class=\"s1\">g\u00e9n\u00e9reux<\/span>, le <span class=\"s1\">vase RIVA<\/span> conserve sa <span class=\"s1\">ligne fluide et discr\u00e8te<\/span>, tout en apportant une <span class=\"s1\">pr\u00e9sence plus marqu\u00e9e<\/span> \u00e0 votre d\u00e9coration.<\/p>\n<p class=\"p1\">Parfait pour accueillir un bouquet structur\u00e9 ou simplement orner un espace avec raffinement, il conjugue <span class=\"s1\">sobri\u00e9t\u00e9 contemporaine<\/span> et <span class=\"s1\">volume ma\u00eetris\u00e9<\/span>.<\/p>\n<p class=\"p1\">Une pi\u00e8ce d\u00e9corative intemporelle, \u00e0 la fois \u00e9l\u00e9gante et naturelle.<\/p>\n","protected":false},"excerpt":{"rendered":"<p>Dans ce format plus g\u00e9n\u00e9reux, le vase RIVA conserve sa ligne fluide et discr\u00e8te, tout en apportant une pr\u00e9sence plus marqu\u00e9e \u00e0 votre d\u00e9coration. Parfait pour accueillir un bouquet structur\u00e9 ou simplement orner un espace avec raffinement, il conjugue sobri\u00e9t\u00e9 contemporaine et volume ma\u00eetris\u00e9. Une pi\u00e8ce d\u00e9corative intemporelle, \u00e0 la fois \u00e9l\u00e9gante et naturelle.<\/p>\n","protected":false},"featured_media":22840,"template":"","meta":{"_jet_sm_ready_style":"","_jet_sm_style":"","_jet_sm_controls_values":"","_jet_sm_fonts_collection":"","_jet_sm_fonts_links":""},"product_brand":[198],"product_cat":[53,227],"product_tag":[244],"product_collection":[443],"class_list":{"0":"post-24618","1":"product","2":"type-product","3":"status-publish","4":"has-post-thumbnail","6":"product_brand-lams-home","7":"product_cat-decoration","8":"product_cat-vases","9":"product_tag-ceramique","10":"product_collection-riva","12":"first","13":"instock","14":"taxable","15":"shipping-taxable","16":"purchasable","17":"product-type-variable","18":"has-default-attributes"},"_links":{"self":[{"href":"https:\/\/lams-home.com\/it\/wp-json\/wp\/v2\/product\/24618","targetHints":{"allow":["GET"]}}],"collection":[{"href":"https:\/\/lams-home.com\/it\/wp-json\/wp\/v2\/product"}],"about":[{"href":"https:\/\/lams-home.com\/it\/wp-json\/wp\/v2\/types\/product"}],"version-history":[{"count":0,"href":"https:\/\/lams-home.com\/it\/wp-json\/wp\/v2\/product\/24618\/revisions"}],"wp:featuredmedia":[{"embeddable":true,"href":"https:\/\/lams-home.com\/it\/wp-json\/wp\/v2\/media\/22840"}],"wp:attachment":[{"href":"https:\/\/lams-home.com\/it\/wp-json\/wp\/v2\/media?parent=24618"}],"wp:term":[{"taxonomy":"product_brand","embeddable":true,"href":"https:\/\/lams-home.com\/it\/wp-json\/wp\/v2\/product_brand?post=24618"},{"taxonomy":"product_cat","embeddable":true,"href":"https:\/\/lams-home.com\/it\/wp-json\/wp\/v2\/product_cat?post=24618"},{"taxonomy":"product_tag","embeddable":true,"href":"https:\/\/lams-home.com\/it\/wp-json\/wp\/v2\/product_tag?post=24618"},{"taxonomy":"product_collection","embeddable":true,"href":"https:\/\/lams-home.com\/it\/wp-json\/wp\/v2\/product_collection?post=24618"}],"curies":[{"name":"wp","href":"https:\/\/api.w.org\/{rel}","templated":true}]}}