{"id":25179,"date":"2025-10-13T10:44:39","date_gmt":"2025-10-13T08:44:39","guid":{"rendered":"https:\/\/lams-home.com\/?post_type=product&#038;p=25179"},"modified":"2025-10-13T11:59:42","modified_gmt":"2025-10-13T09:59:42","slug":"vase-c-h52-cm-gm-onda","status":"publish","type":"product","link":"https:\/\/lams-home.com\/it\/produit\/vase-c-h52-cm-gm-onda\/","title":{"rendered":"Vase ONDA, H 52 &#8211; BLANC MAT"},"content":{"rendered":"<p class=\"p1\">Vase au design \u00e9pur\u00e9 et contemporain, disponible en deux tailles et deux finitions mates : noir profond ou blanc pur. Sa silhouette \u00e9lanc\u00e9e (jusqu\u2019\u00e0 52 cm) apporte une touche sculpturale \u00e0 tout espace. Autres couleurs r\u00e9alisables sur demande.<\/p>\n","protected":false},"excerpt":{"rendered":"<p>Vase au design \u00e9pur\u00e9 et contemporain, disponible en deux tailles et deux finitions mates : noir profond ou blanc pur. Sa silhouette \u00e9lanc\u00e9e (jusqu\u2019\u00e0 52 cm) apporte une touche sculpturale \u00e0 tout espace. Autres couleurs r\u00e9alisables sur demande.<\/p>\n","protected":false},"featured_media":23780,"template":"","meta":{"_jet_sm_ready_style":"","_jet_sm_style":"","_jet_sm_controls_values":"","_jet_sm_fonts_collection":"","_jet_sm_fonts_links":""},"product_brand":[198],"product_cat":[53,227],"product_tag":[244],"product_collection":[414],"class_list":{"0":"post-25179","1":"product","2":"type-product","3":"status-publish","4":"has-post-thumbnail","6":"product_brand-lams-home","7":"product_cat-decoration","8":"product_cat-vases","9":"product_tag-ceramique","10":"product_collection-onda","12":"first","13":"instock","14":"taxable","15":"shipping-taxable","16":"purchasable","17":"product-type-variable","18":"has-default-attributes"},"_links":{"self":[{"href":"https:\/\/lams-home.com\/it\/wp-json\/wp\/v2\/product\/25179","targetHints":{"allow":["GET"]}}],"collection":[{"href":"https:\/\/lams-home.com\/it\/wp-json\/wp\/v2\/product"}],"about":[{"href":"https:\/\/lams-home.com\/it\/wp-json\/wp\/v2\/types\/product"}],"version-history":[{"count":0,"href":"https:\/\/lams-home.com\/it\/wp-json\/wp\/v2\/product\/25179\/revisions"}],"wp:featuredmedia":[{"embeddable":true,"href":"https:\/\/lams-home.com\/it\/wp-json\/wp\/v2\/media\/23780"}],"wp:attachment":[{"href":"https:\/\/lams-home.com\/it\/wp-json\/wp\/v2\/media?parent=25179"}],"wp:term":[{"taxonomy":"product_brand","embeddable":true,"href":"https:\/\/lams-home.com\/it\/wp-json\/wp\/v2\/product_brand?post=25179"},{"taxonomy":"product_cat","embeddable":true,"href":"https:\/\/lams-home.com\/it\/wp-json\/wp\/v2\/product_cat?post=25179"},{"taxonomy":"product_tag","embeddable":true,"href":"https:\/\/lams-home.com\/it\/wp-json\/wp\/v2\/product_tag?post=25179"},{"taxonomy":"product_collection","embeddable":true,"href":"https:\/\/lams-home.com\/it\/wp-json\/wp\/v2\/product_collection?post=25179"}],"curies":[{"name":"wp","href":"https:\/\/api.w.org\/{rel}","templated":true}]}}