{"id":8614,"date":"2025-05-15T23:49:03","date_gmt":"2025-05-15T21:49:03","guid":{"rendered":"https:\/\/lams-home.com\/?post_type=product&#038;p=8614"},"modified":"2025-10-10T16:05:14","modified_gmt":"2025-10-10T14:05:14","slug":"support-et-4-sous-tasse-en-cuir-de-vachette","status":"publish","type":"product","link":"https:\/\/lams-home.com\/it\/produit\/support-et-4-sous-tasse-en-cuir-de-vachette\/","title":{"rendered":"Support et 4 sous tasse en cuir de vachette FIRENZE"},"content":{"rendered":"<p>Ce set comprend 4 sous-tasses en cuir de vachette pleine fleur accompagn\u00e9es de leur support assorti, pour une pr\u00e9sentation aussi raffin\u00e9e que pratique. Fabriqu\u00e9 \u00e0 la main avec un cuir noble et r\u00e9sistant, cet ensemble est pens\u00e9 pour sublimer vos espaces de r\u00e9ception, tables basses ou bureaux.<\/p>\n<p>Pens\u00e9 pour les professionnels de la restauration, de l\u2019h\u00f4tellerie ou les boutiques recherchant des accessoires \u00e9l\u00e9gants et durables, ce set allie style minimaliste et savoir-faire artisanal.<\/p>\n","protected":false},"excerpt":{"rendered":"<p>Ce set comprend 4 sous-tasses en cuir de vachette pleine fleur accompagn\u00e9es de leur support assorti, pour une pr\u00e9sentation aussi raffin\u00e9e que pratique. Fabriqu\u00e9 \u00e0 la main avec un cuir noble et r\u00e9sistant, cet ensemble est pens\u00e9 pour sublimer vos espaces de r\u00e9ception, tables basses ou bureaux. Pens\u00e9 pour les professionnels de la restauration, de [&hellip;]<\/p>\n","protected":false},"featured_media":5757,"template":"","meta":{"_jet_sm_ready_style":"","_jet_sm_style":"","_jet_sm_controls_values":"","_jet_sm_fonts_collection":"","_jet_sm_fonts_links":""},"product_brand":[198],"product_cat":[67,119],"product_tag":[240],"product_collection":[412],"class_list":{"0":"post-8614","1":"product","2":"type-product","3":"status-publish","4":"has-post-thumbnail","6":"product_brand-lams-home","7":"product_cat-cuir","8":"product_cat-sous-verres","9":"product_tag-cuir","10":"product_collection-firenze","12":"first","13":"instock","14":"taxable","15":"shipping-taxable","16":"purchasable","17":"product-type-variable","18":"has-default-attributes"},"_links":{"self":[{"href":"https:\/\/lams-home.com\/it\/wp-json\/wp\/v2\/product\/8614","targetHints":{"allow":["GET"]}}],"collection":[{"href":"https:\/\/lams-home.com\/it\/wp-json\/wp\/v2\/product"}],"about":[{"href":"https:\/\/lams-home.com\/it\/wp-json\/wp\/v2\/types\/product"}],"version-history":[{"count":0,"href":"https:\/\/lams-home.com\/it\/wp-json\/wp\/v2\/product\/8614\/revisions"}],"wp:featuredmedia":[{"embeddable":true,"href":"https:\/\/lams-home.com\/it\/wp-json\/wp\/v2\/media\/5757"}],"wp:attachment":[{"href":"https:\/\/lams-home.com\/it\/wp-json\/wp\/v2\/media?parent=8614"}],"wp:term":[{"taxonomy":"product_brand","embeddable":true,"href":"https:\/\/lams-home.com\/it\/wp-json\/wp\/v2\/product_brand?post=8614"},{"taxonomy":"product_cat","embeddable":true,"href":"https:\/\/lams-home.com\/it\/wp-json\/wp\/v2\/product_cat?post=8614"},{"taxonomy":"product_tag","embeddable":true,"href":"https:\/\/lams-home.com\/it\/wp-json\/wp\/v2\/product_tag?post=8614"},{"taxonomy":"product_collection","embeddable":true,"href":"https:\/\/lams-home.com\/it\/wp-json\/wp\/v2\/product_collection?post=8614"}],"curies":[{"name":"wp","href":"https:\/\/api.w.org\/{rel}","templated":true}]}}