{"id":8725,"date":"2025-05-16T01:19:44","date_gmt":"2025-05-15T23:19:44","guid":{"rendered":"https:\/\/lams-home.com\/?post_type=product&#038;p=8725"},"modified":"2025-10-10T16:05:14","modified_gmt":"2025-10-10T14:05:14","slug":"porte-menu-multipage-a4-avec-elastique","status":"publish","type":"product","link":"https:\/\/lams-home.com\/it\/produit\/porte-menu-multipage-a4-avec-elastique\/","title":{"rendered":"Porte-menu multipage A4 avec \u00e9lastique"},"content":{"rendered":"<p class=\"\" data-start=\"281\" data-end=\"641\">Ce porte-menu multipage au format A4 est r\u00e9alis\u00e9 en cuir de vachette pleine fleur, mati\u00e8re noble et r\u00e9sistante, qui apporte une touche de prestige \u00e0 la pr\u00e9sentation de vos cartes. Dot\u00e9 d\u2019un syst\u00e8me d\u2019\u00e9lastique int\u00e9rieur discret, il permet d\u2019ajouter ou de retirer facilement plusieurs feuilles A4, offrant ainsi une grande flexibilit\u00e9 d\u2019utilisation.<\/p>\n<p class=\"\" data-start=\"1193\" data-end=\"1358\">Un support id\u00e9al pour les \u00e9tablissements qui souhaitent mettre \u00e0 jour r\u00e9guli\u00e8rement leurs menus tout en conservant une pr\u00e9sentation soign\u00e9e et haut de gamme.<\/p>\n","protected":false},"excerpt":{"rendered":"<p>Ce porte-menu multipage au format A4 est r\u00e9alis\u00e9 en cuir de vachette pleine fleur, mati\u00e8re noble et r\u00e9sistante, qui apporte une touche de prestige \u00e0 la pr\u00e9sentation de vos cartes. Dot\u00e9 d\u2019un syst\u00e8me d\u2019\u00e9lastique int\u00e9rieur discret, il permet d\u2019ajouter ou de retirer facilement plusieurs feuilles A4, offrant ainsi une grande flexibilit\u00e9 d\u2019utilisation. Un support id\u00e9al [&hellip;]<\/p>\n","protected":false},"featured_media":8738,"template":"","meta":{"_jet_sm_ready_style":"","_jet_sm_style":"","_jet_sm_controls_values":"","_jet_sm_fonts_collection":"","_jet_sm_fonts_links":""},"product_brand":[198],"product_cat":[67,121],"product_tag":[240],"product_collection":[412],"class_list":{"0":"post-8725","1":"product","2":"type-product","3":"status-publish","4":"has-post-thumbnail","6":"product_brand-lams-home","7":"product_cat-cuir","8":"product_cat-porte-menus","9":"product_tag-cuir","10":"product_collection-firenze","12":"first","13":"instock","14":"taxable","15":"shipping-taxable","16":"purchasable","17":"product-type-variable","18":"has-default-attributes"},"_links":{"self":[{"href":"https:\/\/lams-home.com\/it\/wp-json\/wp\/v2\/product\/8725","targetHints":{"allow":["GET"]}}],"collection":[{"href":"https:\/\/lams-home.com\/it\/wp-json\/wp\/v2\/product"}],"about":[{"href":"https:\/\/lams-home.com\/it\/wp-json\/wp\/v2\/types\/product"}],"version-history":[{"count":0,"href":"https:\/\/lams-home.com\/it\/wp-json\/wp\/v2\/product\/8725\/revisions"}],"wp:featuredmedia":[{"embeddable":true,"href":"https:\/\/lams-home.com\/it\/wp-json\/wp\/v2\/media\/8738"}],"wp:attachment":[{"href":"https:\/\/lams-home.com\/it\/wp-json\/wp\/v2\/media?parent=8725"}],"wp:term":[{"taxonomy":"product_brand","embeddable":true,"href":"https:\/\/lams-home.com\/it\/wp-json\/wp\/v2\/product_brand?post=8725"},{"taxonomy":"product_cat","embeddable":true,"href":"https:\/\/lams-home.com\/it\/wp-json\/wp\/v2\/product_cat?post=8725"},{"taxonomy":"product_tag","embeddable":true,"href":"https:\/\/lams-home.com\/it\/wp-json\/wp\/v2\/product_tag?post=8725"},{"taxonomy":"product_collection","embeddable":true,"href":"https:\/\/lams-home.com\/it\/wp-json\/wp\/v2\/product_collection?post=8725"}],"curies":[{"name":"wp","href":"https:\/\/api.w.org\/{rel}","templated":true}]}}